{"id":4413,"date":"2025-02-26T14:03:34","date_gmt":"2025-02-26T13:03:34","guid":{"rendered":"https:\/\/miksch.soaking.com.br\/?post_type=product&#038;p=4413"},"modified":"2025-05-08T09:07:40","modified_gmt":"2025-05-08T08:07:40","slug":"absteckvorrichtungen-fuer-maschinenkomponenten-miksch","status":"publish","type":"product","link":"https:\/\/miksch.soaking.com.br\/en\/product\/absteckvorrichtungen-fuer-maschinenkomponenten-miksch\/","title":{"rendered":"Accessories: alignment device for maximum accuracy"},"content":{"rendered":"<div>\n<h2 class=\"title\" style=\"font-size: 24px;\">YOUR BENEFITS AT A GLANCE<\/h2>\n<div class=\"responsive-columns\">\n<div>\n<h3 style=\"margin-bottom: 15px;\"><strong>increasing productivity<\/strong><\/h3>\n<ul>\n<li><img decoding=\"async\" class=\"alignnone size-full wp-image-3279\" src=\"https:\/\/miksch.soaking.com.br\/wp-content\/uploads\/2020\/06\/Frame-116.png\" alt=\"\" width=\"16\" height=\"12\" \/> shortened downtimes<\/li>\n<li><img decoding=\"async\" class=\"alignnone size-full wp-image-3279\" src=\"https:\/\/miksch.soaking.com.br\/wp-content\/uploads\/2020\/06\/Frame-116.png\" alt=\"\" width=\"16\" height=\"12\" \/> easy handling<\/li>\n<li><img decoding=\"async\" class=\"alignnone wp-image-3279\" src=\"https:\/\/miksch.soaking.com.br\/wp-content\/uploads\/2020\/06\/Frame-116.png\" alt=\"\" width=\"16\" height=\"12\" \/> exactly in the result<\/li>\n<\/ul>\n<\/div>\n<div>\n<h3 style=\"margin-bottom: 15px;\"><strong>Flexible in application<\/strong><\/h3>\n<ul>\n<li><img decoding=\"async\" class=\"alignnone size-full wp-image-3279\" src=\"https:\/\/miksch.soaking.com.br\/wp-content\/uploads\/2020\/06\/Frame-116.png\" alt=\"\" width=\"16\" height=\"12\" \/> targeted alignment of the components<\/li>\n<li><img decoding=\"async\" class=\"alignnone size-full wp-image-3279\" src=\"https:\/\/miksch.soaking.com.br\/wp-content\/uploads\/2020\/06\/Frame-116.png\" alt=\"\" width=\"16\" height=\"12\" \/> Determination of the rotational position<\/li>\n<li><img decoding=\"async\" class=\"alignnone size-full wp-image-3279\" src=\"https:\/\/miksch.soaking.com.br\/wp-content\/uploads\/2020\/06\/Frame-116.png\" alt=\"\" width=\"16\" height=\"12\" \/> Determination of the correction direction<\/li>\n<\/ul>\n<\/div>\n<div>\n<h3 style=\"margin-bottom: 15px;\"><strong>reducing costs<\/strong><\/h3>\n<ul>\n<li><img decoding=\"async\" class=\"alignnone size-full wp-image-3279\" src=\"https:\/\/miksch.soaking.com.br\/wp-content\/uploads\/2020\/06\/Frame-116.png\" alt=\"\" width=\"16\" height=\"12\" \/> fast<\/li>\n<li><img decoding=\"async\" class=\"alignnone size-full wp-image-3279\" src=\"https:\/\/miksch.soaking.com.br\/wp-content\/uploads\/2020\/06\/Frame-116.png\" alt=\"\" width=\"16\" height=\"12\" \/> precise<\/li>\n<li><img decoding=\"async\" class=\"alignnone size-full wp-image-3279\" src=\"https:\/\/miksch.soaking.com.br\/wp-content\/uploads\/2020\/06\/Frame-116.png\" alt=\"\" width=\"16\" height=\"12\" \/> simply<\/li>\n<\/ul>\n<\/div>\n<\/div>\n<div>\n<h4 class=\"title\" style=\"font-size: 24px;\">OUR ACCESSORIES AT A GLANCE<\/h4>\n<\/div>\n<\/div>","protected":false},"excerpt":{"rendered":"<pre style=\"text-align: right;\"><strong><em>Simple - Unique - Good<\/em><\/strong><\/pre>\n<p>The <strong>MIKSCH marking devices<\/strong> are used for the axial and concentric alignment (position adjustment) of two interacting machine components such as:<\/p>\n<p><img decoding=\"async\" class=\"alignnone size-full wp-image-3279\" src=\"https:\/\/miksch.soaking.com.br\/wp-content\/uploads\/2020\/06\/Frame-116.png\" alt=\"\" width=\"16\" height=\"12\" \/> tool changer to the spindle<\/p>\n<p><img decoding=\"async\" class=\"alignnone size-full wp-image-3279\" src=\"https:\/\/miksch.soaking.com.br\/wp-content\/uploads\/2020\/06\/Frame-116.png\" alt=\"\" width=\"16\" height=\"12\" \/> tool magazine to the spindle<\/p>\n<p><img decoding=\"async\" class=\"alignnone size-full wp-image-3279\" src=\"https:\/\/miksch.soaking.com.br\/wp-content\/uploads\/2020\/06\/Frame-116.png\" alt=\"\" width=\"16\" height=\"12\" \/> transfer unit or swivel unit to the tool magazine<\/p>\n<p><strong>A distinction is made between two procedures:<br \/>\n<\/strong>At the <strong>&quot;measuring methods&quot;<\/strong> you will receive an exact measurement result. The measurement result is determined via the <a href=\"https:\/\/miksch.soaking.com.br\/en\/product\/sett-setup-tool\/\" target=\"_blank\" rel=\"noopener\"><strong>MIKSCH SETT setup tool<\/strong><\/a>.<\/p>\n<p>At the <strong>&quot;tactful procedure&quot;<\/strong> you will receive an OK or NOK result. The result can be determined via the <a href=\"https:\/\/miksch.soaking.com.br\/en\/product\/avo-absteckvorrichtung\/\" target=\"_blank\" rel=\"noopener\"><strong>MIKSCH AVO stand-off device<\/strong><\/a> or about the <a href=\"https:\/\/miksch.soaking.com.br\/en\/product\/avo-2-0-absteckvorrichtung\/\" target=\"_blank\" rel=\"noopener\"><strong>MIKSCH AVO 2.0 marking device<\/strong><\/a> The <a href=\"https:\/\/miksch.soaking.com.br\/en\/product\/avo-2-0-absteckvorrichtung\/\" target=\"_blank\" rel=\"noopener\"><strong>MIKSCH AVO 2.0 marking device<\/strong><\/a> In addition, the <strong>angular position<\/strong> determine.<\/p>\n<p>Do you need initial technical data or details about a staking device? No problem. Send us a completely non-binding inquiry, and we&#039;ll be happy to help.<\/p>\n<p>Initial information about the staking device can be found under \u201cDownload\u201d.<\/p>\n<div id=\"linkContainer\">\n<ul>\n<li><a href=\"https:\/\/miksch.soaking.com.br\/wp-content\/uploads\/2024\/12\/M1327DD2412_Zubehor-Fragebogen.pdf\" target=\"_blank\" rel=\"noopener\">Questionnaire Accessories<\/a><\/li>\n<\/ul>\n<\/div>","protected":false},"featured_media":4332,"comment_status":"closed","ping_status":"closed","template":"","meta":{"_acf_changed":false},"product_brand":[],"product_cat":[80],"product_tag":[175,172,173,171,174,131,102],"class_list":{"0":"post-4413","1":"product","2":"type-product","3":"status-publish","4":"has-post-thumbnail","6":"product_cat-werkzeugwechsler","7":"product_tag-avo-absteckvorrichtung","8":"product_tag-axiale-ausrichtung","9":"product_tag-konzentrische-ausrichtung","10":"product_tag-maschinenkomponenten","11":"product_tag-sett-setup-tool","12":"product_tag-werkzeugmagazin","13":"product_tag-werkzeugwechsler","15":"first","16":"instock","17":"shipping-taxable","18":"product-type-external"},"acf":[],"yoast_head":"<!-- This site is optimized with the Yoast SEO plugin v26.8 - https:\/\/yoast.com\/product\/yoast-seo-wordpress\/ -->\n<title>Zubeh\u00f6r: Absteckvorrichtungen f\u00fcr h\u00f6chste Genauigkeit<\/title>\n<meta name=\"description\" content=\"MIKSCH Absteckvorrichtungen f\u00fcr exakte axiale und konzentrische Ausrichtung von Werkzeugwechslern und Werkzeugmagazinen zur Spindel.\" \/>\n<meta name=\"robots\" content=\"index, follow, max-snippet:-1, max-image-preview:large, max-video-preview:-1\" \/>\n<link rel=\"canonical\" href=\"https:\/\/miksch.soaking.com.br\/en\/product\/absteckvorrichtungen-fuer-maschinenkomponenten-miksch\/\" \/>\n<meta property=\"og:locale\" content=\"en_US\" \/>\n<meta property=\"og:type\" content=\"article\" \/>\n<meta property=\"og:title\" content=\"Zubeh\u00f6r: Absteckvorrichtungen f\u00fcr h\u00f6chste Genauigkeit\" \/>\n<meta property=\"og:description\" content=\"MIKSCH Absteckvorrichtungen f\u00fcr exakte axiale und konzentrische Ausrichtung von Werkzeugwechslern und Werkzeugmagazinen zur Spindel.\" \/>\n<meta property=\"og:url\" content=\"https:\/\/miksch.soaking.com.br\/en\/product\/absteckvorrichtungen-fuer-maschinenkomponenten-miksch\/\" \/>\n<meta property=\"og:site_name\" content=\"MIKSCH - accelerates\" \/>\n<meta property=\"article:publisher\" content=\"https:\/\/www.facebook.com\/people\/Miksch-GmbH\/100066497170541\/\" \/>\n<meta property=\"article:modified_time\" content=\"2025-05-08T08:07:40+00:00\" \/>\n<meta property=\"og:image\" content=\"https:\/\/miksch.soaking.com.br\/wp-content\/uploads\/2025\/01\/werkzeugwechsler-einstellhilfe-absteckvorrichtung-setup-miksch-Vors.webp\" \/>\n\t<meta property=\"og:image:width\" content=\"350\" \/>\n\t<meta property=\"og:image:height\" content=\"350\" \/>\n\t<meta property=\"og:image:type\" content=\"image\/webp\" \/>\n<meta name=\"twitter:card\" content=\"summary_large_image\" \/>\n<meta name=\"twitter:label1\" content=\"Est. reading time\" \/>\n\t<meta name=\"twitter:data1\" content=\"3 minutes\" \/>\n<script type=\"application\/ld+json\" class=\"yoast-schema-graph\">{\"@context\":\"https:\/\/schema.org\",\"@graph\":[{\"@type\":\"WebPage\",\"@id\":\"https:\/\/miksch.soaking.com.br\/product\/absteckvorrichtungen-fuer-maschinenkomponenten-miksch\/\",\"url\":\"https:\/\/miksch.soaking.com.br\/product\/absteckvorrichtungen-fuer-maschinenkomponenten-miksch\/\",\"name\":\"Zubeh\u00f6r: Absteckvorrichtungen f\u00fcr h\u00f6chste Genauigkeit\",\"isPartOf\":{\"@id\":\"https:\/\/miksch.soaking.com.br\/#website\"},\"primaryImageOfPage\":{\"@id\":\"https:\/\/miksch.soaking.com.br\/product\/absteckvorrichtungen-fuer-maschinenkomponenten-miksch\/#primaryimage\"},\"image\":{\"@id\":\"https:\/\/miksch.soaking.com.br\/product\/absteckvorrichtungen-fuer-maschinenkomponenten-miksch\/#primaryimage\"},\"thumbnailUrl\":\"https:\/\/miksch.soaking.com.br\/wp-content\/uploads\/2025\/01\/werkzeugwechsler-einstellhilfe-absteckvorrichtung-setup-miksch-Vors.webp\",\"datePublished\":\"2025-02-26T13:03:34+00:00\",\"dateModified\":\"2025-05-08T08:07:40+00:00\",\"description\":\"MIKSCH Absteckvorrichtungen f\u00fcr exakte axiale und konzentrische Ausrichtung von Werkzeugwechslern und Werkzeugmagazinen zur Spindel.\",\"breadcrumb\":{\"@id\":\"https:\/\/miksch.soaking.com.br\/product\/absteckvorrichtungen-fuer-maschinenkomponenten-miksch\/#breadcrumb\"},\"inLanguage\":\"en-US\",\"potentialAction\":[{\"@type\":\"ReadAction\",\"target\":[\"https:\/\/miksch.soaking.com.br\/product\/absteckvorrichtungen-fuer-maschinenkomponenten-miksch\/\"]}]},{\"@type\":\"ImageObject\",\"inLanguage\":\"en-US\",\"@id\":\"https:\/\/miksch.soaking.com.br\/product\/absteckvorrichtungen-fuer-maschinenkomponenten-miksch\/#primaryimage\",\"url\":\"https:\/\/miksch.soaking.com.br\/wp-content\/uploads\/2025\/01\/werkzeugwechsler-einstellhilfe-absteckvorrichtung-setup-miksch-Vors.webp\",\"contentUrl\":\"https:\/\/miksch.soaking.com.br\/wp-content\/uploads\/2025\/01\/werkzeugwechsler-einstellhilfe-absteckvorrichtung-setup-miksch-Vors.webp\",\"width\":350,\"height\":350},{\"@type\":\"BreadcrumbList\",\"@id\":\"https:\/\/miksch.soaking.com.br\/product\/absteckvorrichtungen-fuer-maschinenkomponenten-miksch\/#breadcrumb\",\"itemListElement\":[{\"@type\":\"ListItem\",\"position\":1,\"name\":\"Home\",\"item\":\"https:\/\/miksch.soaking.com.br\/\"},{\"@type\":\"ListItem\",\"position\":2,\"name\":\"Produkte\",\"item\":\"https:\/\/miksch.soaking.com.br\/shop\/\"},{\"@type\":\"ListItem\",\"position\":3,\"name\":\"Zubeh\u00f6r: Absteckvorrichtungen f\u00fcr h\u00f6chste Genauigkeit\"}]},{\"@type\":\"WebSite\",\"@id\":\"https:\/\/miksch.soaking.com.br\/#website\",\"url\":\"https:\/\/miksch.soaking.com.br\/\",\"name\":\"MIKSCH GmbH\",\"description\":\"\",\"publisher\":{\"@id\":\"https:\/\/miksch.soaking.com.br\/#organization\"},\"potentialAction\":[{\"@type\":\"SearchAction\",\"target\":{\"@type\":\"EntryPoint\",\"urlTemplate\":\"https:\/\/miksch.soaking.com.br\/?s={search_term_string}\"},\"query-input\":{\"@type\":\"PropertyValueSpecification\",\"valueRequired\":true,\"valueName\":\"search_term_string\"}}],\"inLanguage\":\"en-US\"},{\"@type\":\"Organization\",\"@id\":\"https:\/\/miksch.soaking.com.br\/#organization\",\"name\":\"MIKSCH GmbH\",\"url\":\"https:\/\/miksch.soaking.com.br\/\",\"logo\":{\"@type\":\"ImageObject\",\"inLanguage\":\"en-US\",\"@id\":\"https:\/\/miksch.soaking.com.br\/#\/schema\/logo\/image\/\",\"url\":\"https:\/\/miksch.soaking.com.br\/wp-content\/uploads\/2024\/11\/gcOnlineDirectory-5-2.png\",\"contentUrl\":\"https:\/\/miksch.soaking.com.br\/wp-content\/uploads\/2024\/11\/gcOnlineDirectory-5-2.png\",\"width\":227,\"height\":48,\"caption\":\"MIKSCH GmbH\"},\"image\":{\"@id\":\"https:\/\/miksch.soaking.com.br\/#\/schema\/logo\/image\/\"},\"sameAs\":[\"https:\/\/www.facebook.com\/people\/Miksch-GmbH\/100066497170541\/\",\"https:\/\/au.linkedin.com\/company\/miksch-gmbh\"]}]}<\/script>\n<!-- \/ Yoast SEO plugin. -->","yoast_head_json":{"title":"Accessories: alignment device for maximum accuracy","description":"MIKSCH Absteckvorrichtungen f\u00fcr exakte axiale und konzentrische Ausrichtung von Werkzeugwechslern und Werkzeugmagazinen zur Spindel.","robots":{"index":"index","follow":"follow","max-snippet":"max-snippet:-1","max-image-preview":"max-image-preview:large","max-video-preview":"max-video-preview:-1"},"canonical":"https:\/\/miksch.soaking.com.br\/en\/product\/absteckvorrichtungen-fuer-maschinenkomponenten-miksch\/","og_locale":"en_US","og_type":"article","og_title":"Zubeh\u00f6r: Absteckvorrichtungen f\u00fcr h\u00f6chste Genauigkeit","og_description":"MIKSCH Absteckvorrichtungen f\u00fcr exakte axiale und konzentrische Ausrichtung von Werkzeugwechslern und Werkzeugmagazinen zur Spindel.","og_url":"https:\/\/miksch.soaking.com.br\/en\/product\/absteckvorrichtungen-fuer-maschinenkomponenten-miksch\/","og_site_name":"MIKSCH - accelerates","article_publisher":"https:\/\/www.facebook.com\/people\/Miksch-GmbH\/100066497170541\/","article_modified_time":"2025-05-08T08:07:40+00:00","og_image":[{"width":350,"height":350,"url":"https:\/\/miksch.soaking.com.br\/wp-content\/uploads\/2025\/01\/werkzeugwechsler-einstellhilfe-absteckvorrichtung-setup-miksch-Vors.webp","type":"image\/webp"}],"twitter_card":"summary_large_image","twitter_misc":{"Est. reading time":"3 minutes"},"schema":{"@context":"https:\/\/schema.org","@graph":[{"@type":"WebPage","@id":"https:\/\/miksch.soaking.com.br\/product\/absteckvorrichtungen-fuer-maschinenkomponenten-miksch\/","url":"https:\/\/miksch.soaking.com.br\/product\/absteckvorrichtungen-fuer-maschinenkomponenten-miksch\/","name":"Accessories: alignment device for maximum accuracy","isPartOf":{"@id":"https:\/\/miksch.soaking.com.br\/#website"},"primaryImageOfPage":{"@id":"https:\/\/miksch.soaking.com.br\/product\/absteckvorrichtungen-fuer-maschinenkomponenten-miksch\/#primaryimage"},"image":{"@id":"https:\/\/miksch.soaking.com.br\/product\/absteckvorrichtungen-fuer-maschinenkomponenten-miksch\/#primaryimage"},"thumbnailUrl":"https:\/\/miksch.soaking.com.br\/wp-content\/uploads\/2025\/01\/werkzeugwechsler-einstellhilfe-absteckvorrichtung-setup-miksch-Vors.webp","datePublished":"2025-02-26T13:03:34+00:00","dateModified":"2025-05-08T08:07:40+00:00","description":"MIKSCH Absteckvorrichtungen f\u00fcr exakte axiale und konzentrische Ausrichtung von Werkzeugwechslern und Werkzeugmagazinen zur Spindel.","breadcrumb":{"@id":"https:\/\/miksch.soaking.com.br\/product\/absteckvorrichtungen-fuer-maschinenkomponenten-miksch\/#breadcrumb"},"inLanguage":"en-US","potentialAction":[{"@type":"ReadAction","target":["https:\/\/miksch.soaking.com.br\/product\/absteckvorrichtungen-fuer-maschinenkomponenten-miksch\/"]}]},{"@type":"ImageObject","inLanguage":"en-US","@id":"https:\/\/miksch.soaking.com.br\/product\/absteckvorrichtungen-fuer-maschinenkomponenten-miksch\/#primaryimage","url":"https:\/\/miksch.soaking.com.br\/wp-content\/uploads\/2025\/01\/werkzeugwechsler-einstellhilfe-absteckvorrichtung-setup-miksch-Vors.webp","contentUrl":"https:\/\/miksch.soaking.com.br\/wp-content\/uploads\/2025\/01\/werkzeugwechsler-einstellhilfe-absteckvorrichtung-setup-miksch-Vors.webp","width":350,"height":350},{"@type":"BreadcrumbList","@id":"https:\/\/miksch.soaking.com.br\/product\/absteckvorrichtungen-fuer-maschinenkomponenten-miksch\/#breadcrumb","itemListElement":[{"@type":"ListItem","position":1,"name":"Home","item":"https:\/\/miksch.soaking.com.br\/"},{"@type":"ListItem","position":2,"name":"Produkte","item":"https:\/\/miksch.soaking.com.br\/shop\/"},{"@type":"ListItem","position":3,"name":"Zubeh\u00f6r: Absteckvorrichtungen f\u00fcr h\u00f6chste Genauigkeit"}]},{"@type":"WebSite","@id":"https:\/\/miksch.soaking.com.br\/#website","url":"https:\/\/miksch.soaking.com.br\/","name":"MIKSCH GmbH","description":"","publisher":{"@id":"https:\/\/miksch.soaking.com.br\/#organization"},"potentialAction":[{"@type":"SearchAction","target":{"@type":"EntryPoint","urlTemplate":"https:\/\/miksch.soaking.com.br\/?s={search_term_string}"},"query-input":{"@type":"PropertyValueSpecification","valueRequired":true,"valueName":"search_term_string"}}],"inLanguage":"en-US"},{"@type":"Organization","@id":"https:\/\/miksch.soaking.com.br\/#organization","name":"MIKSCH GmbH","url":"https:\/\/miksch.soaking.com.br\/","logo":{"@type":"ImageObject","inLanguage":"en-US","@id":"https:\/\/miksch.soaking.com.br\/#\/schema\/logo\/image\/","url":"https:\/\/miksch.soaking.com.br\/wp-content\/uploads\/2024\/11\/gcOnlineDirectory-5-2.png","contentUrl":"https:\/\/miksch.soaking.com.br\/wp-content\/uploads\/2024\/11\/gcOnlineDirectory-5-2.png","width":227,"height":48,"caption":"MIKSCH GmbH"},"image":{"@id":"https:\/\/miksch.soaking.com.br\/#\/schema\/logo\/image\/"},"sameAs":["https:\/\/www.facebook.com\/people\/Miksch-GmbH\/100066497170541\/","https:\/\/au.linkedin.com\/company\/miksch-gmbh"]}]}},"_links":{"self":[{"href":"https:\/\/miksch.soaking.com.br\/en\/wp-json\/wp\/v2\/product\/4413","targetHints":{"allow":["GET"]}}],"collection":[{"href":"https:\/\/miksch.soaking.com.br\/en\/wp-json\/wp\/v2\/product"}],"about":[{"href":"https:\/\/miksch.soaking.com.br\/en\/wp-json\/wp\/v2\/types\/product"}],"replies":[{"embeddable":true,"href":"https:\/\/miksch.soaking.com.br\/en\/wp-json\/wp\/v2\/comments?post=4413"}],"wp:featuredmedia":[{"embeddable":true,"href":"https:\/\/miksch.soaking.com.br\/en\/wp-json\/wp\/v2\/media\/4332"}],"wp:attachment":[{"href":"https:\/\/miksch.soaking.com.br\/en\/wp-json\/wp\/v2\/media?parent=4413"}],"wp:term":[{"taxonomy":"product_brand","embeddable":true,"href":"https:\/\/miksch.soaking.com.br\/en\/wp-json\/wp\/v2\/product_brand?post=4413"},{"taxonomy":"product_cat","embeddable":true,"href":"https:\/\/miksch.soaking.com.br\/en\/wp-json\/wp\/v2\/product_cat?post=4413"},{"taxonomy":"product_tag","embeddable":true,"href":"https:\/\/miksch.soaking.com.br\/en\/wp-json\/wp\/v2\/product_tag?post=4413"}],"curies":[{"name":"wp","href":"https:\/\/api.w.org\/{rel}","templated":true}]}}