{"id":4210,"date":"2025-01-08T14:50:12","date_gmt":"2025-01-08T13:50:12","guid":{"rendered":"https:\/\/miksch.soaking.com.br\/?post_type=product&#038;p=4210"},"modified":"2025-05-07T14:03:15","modified_gmt":"2025-05-07T13:03:15","slug":"miksch-sonderloesungen-fuer-individuelle-anforderungen","status":"publish","type":"product","link":"https:\/\/miksch.soaking.com.br\/en\/product\/miksch-sonderloesungen-fuer-individuelle-anforderungen\/","title":{"rendered":"Special solutions for specific requirements"},"content":{"rendered":"<div>\n<h2 class=\"title\" style=\"font-size: 24px;\">YOUR BENEFITS AT A GLANCE<\/h2>\n<div class=\"responsive-columns\">\n<div>\n<div style=\"margin-bottom: 15px;\"><strong>increasing productivity<\/strong><\/div>\n<ul>\n<li><img decoding=\"async\" class=\"alignnone size-full wp-image-3279\" src=\"https:\/\/miksch.soaking.com.br\/wp-content\/uploads\/2020\/06\/Frame-116.png\" alt=\"\" width=\"16\" height=\"12\" \/> individual solution<\/li>\n<li><img decoding=\"async\" class=\"alignnone size-full wp-image-3279\" src=\"https:\/\/miksch.soaking.com.br\/wp-content\/uploads\/2020\/06\/Frame-116.png\" alt=\"\" width=\"16\" height=\"12\" \/> optimal coordination<\/li>\n<li><img decoding=\"async\" class=\"alignnone wp-image-3279\" src=\"https:\/\/miksch.soaking.com.br\/wp-content\/uploads\/2020\/06\/Frame-116.png\" alt=\"\" width=\"16\" height=\"12\" \/> simple and fast integration<\/li>\n<\/ul>\n<\/div>\n<div>\n<div style=\"margin-bottom: 15px;\"><strong>Unique flexibility<\/strong><\/div>\n<ul>\n<li><img decoding=\"async\" class=\"alignnone size-full wp-image-3279\" src=\"https:\/\/miksch.soaking.com.br\/wp-content\/uploads\/2020\/06\/Frame-116.png\" alt=\"\" width=\"16\" height=\"12\" \/> any installation position<\/li>\n<li><img decoding=\"async\" class=\"alignnone size-full wp-image-3279\" src=\"https:\/\/miksch.soaking.com.br\/wp-content\/uploads\/2020\/06\/Frame-116.png\" alt=\"\" width=\"16\" height=\"12\" \/> all common tool holders<\/li>\n<li><img decoding=\"async\" class=\"alignnone size-full wp-image-3279\" src=\"https:\/\/miksch.soaking.com.br\/wp-content\/uploads\/2020\/06\/Frame-116.png\" alt=\"\" width=\"16\" height=\"12\" \/> Installation next to and opposite the spindle possible<\/li>\n<\/ul>\n<\/div>\n<div>\n<div style=\"margin-bottom: 15px;\"><strong>reducing costs<\/strong><\/div>\n<ul>\n<li><img decoding=\"async\" class=\"alignnone size-full wp-image-3279\" src=\"https:\/\/miksch.soaking.com.br\/wp-content\/uploads\/2020\/06\/Frame-116.png\" alt=\"\" width=\"16\" height=\"12\" \/> long availability of spare parts<\/li>\n<li><img decoding=\"async\" class=\"alignnone size-full wp-image-3279\" src=\"https:\/\/miksch.soaking.com.br\/wp-content\/uploads\/2020\/06\/Frame-116.png\" alt=\"\" width=\"16\" height=\"12\" \/> robust and reliable<\/li>\n<li><img decoding=\"async\" class=\"alignnone size-full wp-image-3279\" src=\"https:\/\/miksch.soaking.com.br\/wp-content\/uploads\/2020\/06\/Frame-116.png\" alt=\"\" width=\"16\" height=\"12\" \/> no additional control required<\/li>\n<li><img decoding=\"async\" class=\"alignnone size-full wp-image-3279\" src=\"https:\/\/miksch.soaking.com.br\/wp-content\/uploads\/2020\/06\/Frame-116.png\" alt=\"\" width=\"16\" height=\"12\" \/> free of hydraulics<\/li>\n<\/ul>\n<\/div>\n<\/div>\n<\/div>","protected":false},"excerpt":{"rendered":"<pre style=\"text-align: right;\"><strong><em>Individual - Specific - Innovative<\/em><\/strong><\/pre>\n<p>We are also happy to realize individual <strong>Special solutions<\/strong> after <strong>customer-specific requirements<\/strong>.<\/p>\n<p>With <strong>MIKSCH<\/strong> You have a reliable partner at your side who provides everything from a single source.<\/p>\n<p>Our philosophy is based on the three pillars of creativity, functionality, and user experience. We believe that every project deserves a chance to become something extraordinary.<br \/>\nWe strive for innovative and user-friendly solutions and focus on the needs of the user.<\/p>\n<p>Contact us and let&#039;s discuss your requirements. Our team of experts and specialists looks forward to hearing from you.<\/p>\n<div id=\"linkContainer\">\n<ul>\n<li><a href=\"https:\/\/miksch.soaking.com.br\/wp-content\/uploads\/2024\/12\/M1323DD2412_WerkzeugwechslerFragebogen.pdf\" target=\"_blank\" rel=\"noopener\">Questionnaire Tool Changer<\/a><\/li>\n<li><a href=\"https:\/\/miksch.soaking.com.br\/wp-content\/uploads\/2024\/12\/M1324DD2412_Werkzeugmagazine-Fragebogen.pdf\" target=\"_blank\" rel=\"noopener\">Questionnaire Tool Magazine<\/a><\/li>\n<li><a href=\"https:\/\/miksch.soaking.com.br\/wp-content\/uploads\/2024\/12\/M1325DD2412_Werkzeugwechselsysteme-Fragebogen.pdf\" target=\"_blank\" rel=\"noopener\">Questionnaire tool changing systems<\/a><\/li>\n<li><a href=\"https:\/\/miksch.soaking.com.br\/wp-content\/uploads\/2024\/12\/M1326DD2412_Kurvengetriebe-Fragebogen.pdf\" target=\"_blank\" rel=\"noopener\">Questionnaire Cam Gear<\/a><\/li>\n<\/ul>\n<\/div>","protected":false},"featured_media":4340,"comment_status":"closed","ping_status":"closed","template":"","meta":{"_acf_changed":false},"product_brand":[],"product_cat":[86],"product_tag":[130,128,129],"class_list":{"0":"post-4210","1":"product","2":"type-product","3":"status-publish","4":"has-post-thumbnail","6":"product_cat-sonderloesungen","7":"product_tag-individuelle-anforderungen","8":"product_tag-kundenspezifische-entwicklungen","9":"product_tag-massgeschneiderte-produkte","11":"first","12":"instock","13":"shipping-taxable","14":"product-type-external"},"acf":[],"yoast_head":"<!-- This site is optimized with the Yoast SEO plugin v26.8 - https:\/\/yoast.com\/product\/yoast-seo-wordpress\/ -->\n<title>Sonderl\u00f6sungen f\u00fcr spezifische Anforderungen<\/title>\n<meta name=\"description\" content=\"MIKSCH entwickelt ma\u00dfgeschneiderte Produkte, die \u00fcber das Standardportfolio hinausgehen und Ihre individuellen Anforderungen erf\u00fcllen. Jetzt anfragen!\" \/>\n<meta name=\"robots\" content=\"index, follow, max-snippet:-1, max-image-preview:large, max-video-preview:-1\" \/>\n<link rel=\"canonical\" href=\"https:\/\/miksch.soaking.com.br\/en\/product\/miksch-sonderloesungen-fuer-individuelle-anforderungen\/\" \/>\n<meta property=\"og:locale\" content=\"en_US\" \/>\n<meta property=\"og:type\" content=\"article\" \/>\n<meta property=\"og:title\" content=\"Sonderl\u00f6sungen f\u00fcr spezifische Anforderungen\" \/>\n<meta property=\"og:description\" content=\"MIKSCH entwickelt ma\u00dfgeschneiderte Produkte, die \u00fcber das Standardportfolio hinausgehen und Ihre individuellen Anforderungen erf\u00fcllen. Jetzt anfragen!\" \/>\n<meta property=\"og:url\" content=\"https:\/\/miksch.soaking.com.br\/en\/product\/miksch-sonderloesungen-fuer-individuelle-anforderungen\/\" \/>\n<meta property=\"og:site_name\" content=\"MIKSCH - accelerates\" \/>\n<meta property=\"article:publisher\" content=\"https:\/\/www.facebook.com\/people\/Miksch-GmbH\/100066497170541\/\" \/>\n<meta property=\"article:modified_time\" content=\"2025-05-07T13:03:15+00:00\" \/>\n<meta property=\"og:image\" content=\"https:\/\/miksch.soaking.com.br\/wp-content\/uploads\/2025\/01\/werkzeugwechsler-sonderloesung-tuerantrieb-miksch-Vors.webp\" \/>\n\t<meta property=\"og:image:width\" content=\"350\" \/>\n\t<meta property=\"og:image:height\" content=\"350\" \/>\n\t<meta property=\"og:image:type\" content=\"image\/webp\" \/>\n<meta name=\"twitter:card\" content=\"summary_large_image\" \/>\n<meta name=\"twitter:label1\" content=\"Est. reading time\" \/>\n\t<meta name=\"twitter:data1\" content=\"3 minutes\" \/>\n<script type=\"application\/ld+json\" class=\"yoast-schema-graph\">{\"@context\":\"https:\/\/schema.org\",\"@graph\":[{\"@type\":\"WebPage\",\"@id\":\"https:\/\/miksch.soaking.com.br\/product\/miksch-sonderloesungen-fuer-individuelle-anforderungen\/\",\"url\":\"https:\/\/miksch.soaking.com.br\/product\/miksch-sonderloesungen-fuer-individuelle-anforderungen\/\",\"name\":\"Sonderl\u00f6sungen f\u00fcr spezifische Anforderungen\",\"isPartOf\":{\"@id\":\"https:\/\/miksch.soaking.com.br\/#website\"},\"primaryImageOfPage\":{\"@id\":\"https:\/\/miksch.soaking.com.br\/product\/miksch-sonderloesungen-fuer-individuelle-anforderungen\/#primaryimage\"},\"image\":{\"@id\":\"https:\/\/miksch.soaking.com.br\/product\/miksch-sonderloesungen-fuer-individuelle-anforderungen\/#primaryimage\"},\"thumbnailUrl\":\"https:\/\/miksch.soaking.com.br\/wp-content\/uploads\/2025\/01\/werkzeugwechsler-sonderloesung-tuerantrieb-miksch-Vors.webp\",\"datePublished\":\"2025-01-08T13:50:12+00:00\",\"dateModified\":\"2025-05-07T13:03:15+00:00\",\"description\":\"MIKSCH entwickelt ma\u00dfgeschneiderte Produkte, die \u00fcber das Standardportfolio hinausgehen und Ihre individuellen Anforderungen erf\u00fcllen. Jetzt anfragen!\",\"breadcrumb\":{\"@id\":\"https:\/\/miksch.soaking.com.br\/product\/miksch-sonderloesungen-fuer-individuelle-anforderungen\/#breadcrumb\"},\"inLanguage\":\"en-US\",\"potentialAction\":[{\"@type\":\"ReadAction\",\"target\":[\"https:\/\/miksch.soaking.com.br\/product\/miksch-sonderloesungen-fuer-individuelle-anforderungen\/\"]}]},{\"@type\":\"ImageObject\",\"inLanguage\":\"en-US\",\"@id\":\"https:\/\/miksch.soaking.com.br\/product\/miksch-sonderloesungen-fuer-individuelle-anforderungen\/#primaryimage\",\"url\":\"https:\/\/miksch.soaking.com.br\/wp-content\/uploads\/2025\/01\/werkzeugwechsler-sonderloesung-tuerantrieb-miksch-Vors.webp\",\"contentUrl\":\"https:\/\/miksch.soaking.com.br\/wp-content\/uploads\/2025\/01\/werkzeugwechsler-sonderloesung-tuerantrieb-miksch-Vors.webp\",\"width\":350,\"height\":350},{\"@type\":\"BreadcrumbList\",\"@id\":\"https:\/\/miksch.soaking.com.br\/product\/miksch-sonderloesungen-fuer-individuelle-anforderungen\/#breadcrumb\",\"itemListElement\":[{\"@type\":\"ListItem\",\"position\":1,\"name\":\"Home\",\"item\":\"https:\/\/miksch.soaking.com.br\/\"},{\"@type\":\"ListItem\",\"position\":2,\"name\":\"Produkte\",\"item\":\"https:\/\/miksch.soaking.com.br\/shop\/\"},{\"@type\":\"ListItem\",\"position\":3,\"name\":\"Sonderl\u00f6sungen f\u00fcr spezifische Anforderungen\"}]},{\"@type\":\"WebSite\",\"@id\":\"https:\/\/miksch.soaking.com.br\/#website\",\"url\":\"https:\/\/miksch.soaking.com.br\/\",\"name\":\"MIKSCH GmbH\",\"description\":\"\",\"publisher\":{\"@id\":\"https:\/\/miksch.soaking.com.br\/#organization\"},\"potentialAction\":[{\"@type\":\"SearchAction\",\"target\":{\"@type\":\"EntryPoint\",\"urlTemplate\":\"https:\/\/miksch.soaking.com.br\/?s={search_term_string}\"},\"query-input\":{\"@type\":\"PropertyValueSpecification\",\"valueRequired\":true,\"valueName\":\"search_term_string\"}}],\"inLanguage\":\"en-US\"},{\"@type\":\"Organization\",\"@id\":\"https:\/\/miksch.soaking.com.br\/#organization\",\"name\":\"MIKSCH GmbH\",\"url\":\"https:\/\/miksch.soaking.com.br\/\",\"logo\":{\"@type\":\"ImageObject\",\"inLanguage\":\"en-US\",\"@id\":\"https:\/\/miksch.soaking.com.br\/#\/schema\/logo\/image\/\",\"url\":\"https:\/\/miksch.soaking.com.br\/wp-content\/uploads\/2024\/11\/gcOnlineDirectory-5-2.png\",\"contentUrl\":\"https:\/\/miksch.soaking.com.br\/wp-content\/uploads\/2024\/11\/gcOnlineDirectory-5-2.png\",\"width\":227,\"height\":48,\"caption\":\"MIKSCH GmbH\"},\"image\":{\"@id\":\"https:\/\/miksch.soaking.com.br\/#\/schema\/logo\/image\/\"},\"sameAs\":[\"https:\/\/www.facebook.com\/people\/Miksch-GmbH\/100066497170541\/\",\"https:\/\/au.linkedin.com\/company\/miksch-gmbh\"]}]}<\/script>\n<!-- \/ Yoast SEO plugin. -->","yoast_head_json":{"title":"Special solutions for specific requirements","description":"MIKSCH entwickelt ma\u00dfgeschneiderte Produkte, die \u00fcber das Standardportfolio hinausgehen und Ihre individuellen Anforderungen erf\u00fcllen. Jetzt anfragen!","robots":{"index":"index","follow":"follow","max-snippet":"max-snippet:-1","max-image-preview":"max-image-preview:large","max-video-preview":"max-video-preview:-1"},"canonical":"https:\/\/miksch.soaking.com.br\/en\/product\/miksch-sonderloesungen-fuer-individuelle-anforderungen\/","og_locale":"en_US","og_type":"article","og_title":"Sonderl\u00f6sungen f\u00fcr spezifische Anforderungen","og_description":"MIKSCH entwickelt ma\u00dfgeschneiderte Produkte, die \u00fcber das Standardportfolio hinausgehen und Ihre individuellen Anforderungen erf\u00fcllen. Jetzt anfragen!","og_url":"https:\/\/miksch.soaking.com.br\/en\/product\/miksch-sonderloesungen-fuer-individuelle-anforderungen\/","og_site_name":"MIKSCH - accelerates","article_publisher":"https:\/\/www.facebook.com\/people\/Miksch-GmbH\/100066497170541\/","article_modified_time":"2025-05-07T13:03:15+00:00","og_image":[{"width":350,"height":350,"url":"https:\/\/miksch.soaking.com.br\/wp-content\/uploads\/2025\/01\/werkzeugwechsler-sonderloesung-tuerantrieb-miksch-Vors.webp","type":"image\/webp"}],"twitter_card":"summary_large_image","twitter_misc":{"Est. reading time":"3 minutes"},"schema":{"@context":"https:\/\/schema.org","@graph":[{"@type":"WebPage","@id":"https:\/\/miksch.soaking.com.br\/product\/miksch-sonderloesungen-fuer-individuelle-anforderungen\/","url":"https:\/\/miksch.soaking.com.br\/product\/miksch-sonderloesungen-fuer-individuelle-anforderungen\/","name":"Special solutions for specific requirements","isPartOf":{"@id":"https:\/\/miksch.soaking.com.br\/#website"},"primaryImageOfPage":{"@id":"https:\/\/miksch.soaking.com.br\/product\/miksch-sonderloesungen-fuer-individuelle-anforderungen\/#primaryimage"},"image":{"@id":"https:\/\/miksch.soaking.com.br\/product\/miksch-sonderloesungen-fuer-individuelle-anforderungen\/#primaryimage"},"thumbnailUrl":"https:\/\/miksch.soaking.com.br\/wp-content\/uploads\/2025\/01\/werkzeugwechsler-sonderloesung-tuerantrieb-miksch-Vors.webp","datePublished":"2025-01-08T13:50:12+00:00","dateModified":"2025-05-07T13:03:15+00:00","description":"MIKSCH entwickelt ma\u00dfgeschneiderte Produkte, die \u00fcber das Standardportfolio hinausgehen und Ihre individuellen Anforderungen erf\u00fcllen. Jetzt anfragen!","breadcrumb":{"@id":"https:\/\/miksch.soaking.com.br\/product\/miksch-sonderloesungen-fuer-individuelle-anforderungen\/#breadcrumb"},"inLanguage":"en-US","potentialAction":[{"@type":"ReadAction","target":["https:\/\/miksch.soaking.com.br\/product\/miksch-sonderloesungen-fuer-individuelle-anforderungen\/"]}]},{"@type":"ImageObject","inLanguage":"en-US","@id":"https:\/\/miksch.soaking.com.br\/product\/miksch-sonderloesungen-fuer-individuelle-anforderungen\/#primaryimage","url":"https:\/\/miksch.soaking.com.br\/wp-content\/uploads\/2025\/01\/werkzeugwechsler-sonderloesung-tuerantrieb-miksch-Vors.webp","contentUrl":"https:\/\/miksch.soaking.com.br\/wp-content\/uploads\/2025\/01\/werkzeugwechsler-sonderloesung-tuerantrieb-miksch-Vors.webp","width":350,"height":350},{"@type":"BreadcrumbList","@id":"https:\/\/miksch.soaking.com.br\/product\/miksch-sonderloesungen-fuer-individuelle-anforderungen\/#breadcrumb","itemListElement":[{"@type":"ListItem","position":1,"name":"Home","item":"https:\/\/miksch.soaking.com.br\/"},{"@type":"ListItem","position":2,"name":"Produkte","item":"https:\/\/miksch.soaking.com.br\/shop\/"},{"@type":"ListItem","position":3,"name":"Sonderl\u00f6sungen f\u00fcr spezifische Anforderungen"}]},{"@type":"WebSite","@id":"https:\/\/miksch.soaking.com.br\/#website","url":"https:\/\/miksch.soaking.com.br\/","name":"MIKSCH GmbH","description":"","publisher":{"@id":"https:\/\/miksch.soaking.com.br\/#organization"},"potentialAction":[{"@type":"SearchAction","target":{"@type":"EntryPoint","urlTemplate":"https:\/\/miksch.soaking.com.br\/?s={search_term_string}"},"query-input":{"@type":"PropertyValueSpecification","valueRequired":true,"valueName":"search_term_string"}}],"inLanguage":"en-US"},{"@type":"Organization","@id":"https:\/\/miksch.soaking.com.br\/#organization","name":"MIKSCH GmbH","url":"https:\/\/miksch.soaking.com.br\/","logo":{"@type":"ImageObject","inLanguage":"en-US","@id":"https:\/\/miksch.soaking.com.br\/#\/schema\/logo\/image\/","url":"https:\/\/miksch.soaking.com.br\/wp-content\/uploads\/2024\/11\/gcOnlineDirectory-5-2.png","contentUrl":"https:\/\/miksch.soaking.com.br\/wp-content\/uploads\/2024\/11\/gcOnlineDirectory-5-2.png","width":227,"height":48,"caption":"MIKSCH GmbH"},"image":{"@id":"https:\/\/miksch.soaking.com.br\/#\/schema\/logo\/image\/"},"sameAs":["https:\/\/www.facebook.com\/people\/Miksch-GmbH\/100066497170541\/","https:\/\/au.linkedin.com\/company\/miksch-gmbh"]}]}},"_links":{"self":[{"href":"https:\/\/miksch.soaking.com.br\/en\/wp-json\/wp\/v2\/product\/4210","targetHints":{"allow":["GET"]}}],"collection":[{"href":"https:\/\/miksch.soaking.com.br\/en\/wp-json\/wp\/v2\/product"}],"about":[{"href":"https:\/\/miksch.soaking.com.br\/en\/wp-json\/wp\/v2\/types\/product"}],"replies":[{"embeddable":true,"href":"https:\/\/miksch.soaking.com.br\/en\/wp-json\/wp\/v2\/comments?post=4210"}],"wp:featuredmedia":[{"embeddable":true,"href":"https:\/\/miksch.soaking.com.br\/en\/wp-json\/wp\/v2\/media\/4340"}],"wp:attachment":[{"href":"https:\/\/miksch.soaking.com.br\/en\/wp-json\/wp\/v2\/media?parent=4210"}],"wp:term":[{"taxonomy":"product_brand","embeddable":true,"href":"https:\/\/miksch.soaking.com.br\/en\/wp-json\/wp\/v2\/product_brand?post=4210"},{"taxonomy":"product_cat","embeddable":true,"href":"https:\/\/miksch.soaking.com.br\/en\/wp-json\/wp\/v2\/product_cat?post=4210"},{"taxonomy":"product_tag","embeddable":true,"href":"https:\/\/miksch.soaking.com.br\/en\/wp-json\/wp\/v2\/product_tag?post=4210"}],"curies":[{"name":"wp","href":"https:\/\/api.w.org\/{rel}","templated":true}]}}