{"id":3392,"date":"2024-11-12T15:53:17","date_gmt":"2024-11-12T14:53:17","guid":{"rendered":"https:\/\/miksch.soaking.com.br\/?post_type=product&#038;p=3392"},"modified":"2025-05-07T13:49:50","modified_gmt":"2025-05-07T12:49:50","slug":"sett-setup-tool","status":"publish","type":"product","link":"https:\/\/miksch.soaking.com.br\/en\/product\/sett-setup-tool\/","title":{"rendered":"SETT setup tool"},"content":{"rendered":"<div>\n<h2 class=\"title\" style=\"font-size: 24px;\">YOUR BENEFITS AT A GLANCE<\/h2>\n<div class=\"responsive-columns\">\n<div>\n<div style=\"margin-bottom: 15px;\"><strong>increasing productivity<\/strong><\/div>\n<ul>\n<li><img decoding=\"async\" class=\"alignnone size-full wp-image-3279\" src=\"https:\/\/miksch.soaking.com.br\/wp-content\/uploads\/2020\/06\/Frame-116.png\" alt=\"\" width=\"16\" height=\"12\" \/> shortened downtimes<\/li>\n<li><img decoding=\"async\" class=\"alignnone size-full wp-image-3279\" src=\"https:\/\/miksch.soaking.com.br\/wp-content\/uploads\/2020\/06\/Frame-116.png\" alt=\"\" width=\"16\" height=\"12\" \/> easy handling<\/li>\n<li><img decoding=\"async\" class=\"alignnone wp-image-3279\" src=\"https:\/\/miksch.soaking.com.br\/wp-content\/uploads\/2020\/06\/Frame-116.png\" alt=\"\" width=\"16\" height=\"12\" \/> exactly in the result<\/li>\n<\/ul>\n<\/div>\n<div>\n<div style=\"margin-bottom: 15px;\"><strong>Flexible in application<\/strong><\/div>\n<ul>\n<li><img decoding=\"async\" class=\"alignnone size-full wp-image-3279\" src=\"https:\/\/miksch.soaking.com.br\/wp-content\/uploads\/2020\/06\/Frame-116.png\" alt=\"\" width=\"16\" height=\"12\" \/> targeted alignment of the components<\/li>\n<li><img decoding=\"async\" class=\"alignnone size-full wp-image-3279\" src=\"https:\/\/miksch.soaking.com.br\/wp-content\/uploads\/2020\/06\/Frame-116.png\" alt=\"\" width=\"16\" height=\"12\" \/> measuring the axial distance of the contact surfaces<\/li>\n<li><img decoding=\"async\" class=\"alignnone size-full wp-image-3279\" src=\"https:\/\/miksch.soaking.com.br\/wp-content\/uploads\/2020\/06\/Frame-116.png\" alt=\"\" width=\"16\" height=\"12\" \/> measuring the center offset to the tool spindle and the tool magazine<br \/>\n(Values can be entered directly into the control)<\/li>\n<li><img decoding=\"async\" class=\"alignnone size-full wp-image-3279\" src=\"https:\/\/miksch.soaking.com.br\/wp-content\/uploads\/2020\/06\/Frame-116.png\" alt=\"\" width=\"16\" height=\"12\" \/> Determination of the angular position<br \/>\n(Position of the groove in the spindle to the position of the groove in the gripper groove)<\/li>\n<li><img decoding=\"async\" class=\"alignnone size-full wp-image-3279\" src=\"https:\/\/miksch.soaking.com.br\/wp-content\/uploads\/2020\/06\/Frame-116.png\" alt=\"\" width=\"16\" height=\"12\" \/> Determination of the correction direction<br \/>\nand path<\/li>\n<li><img decoding=\"async\" class=\"alignnone size-full wp-image-3279\" src=\"https:\/\/miksch.soaking.com.br\/wp-content\/uploads\/2020\/06\/Frame-116.png\" alt=\"\" width=\"16\" height=\"12\" \/> different offset tolerances adjustable<\/li>\n<\/ul>\n<\/div>\n<div>\n<div style=\"margin-bottom: 15px;\"><strong>reducing costs<\/strong><\/div>\n<ul>\n<li><img decoding=\"async\" class=\"alignnone size-full wp-image-3279\" src=\"https:\/\/miksch.soaking.com.br\/wp-content\/uploads\/2020\/06\/Frame-116.png\" alt=\"\" width=\"16\" height=\"12\" \/> fast<\/li>\n<li><img decoding=\"async\" class=\"alignnone size-full wp-image-3279\" src=\"https:\/\/miksch.soaking.com.br\/wp-content\/uploads\/2020\/06\/Frame-116.png\" alt=\"\" width=\"16\" height=\"12\" \/> precise<\/li>\n<li><img decoding=\"async\" class=\"alignnone size-full wp-image-3279\" src=\"https:\/\/miksch.soaking.com.br\/wp-content\/uploads\/2020\/06\/Frame-116.png\" alt=\"\" width=\"16\" height=\"12\" \/> simply<\/li>\n<li><img decoding=\"async\" class=\"alignnone size-full wp-image-3279\" src=\"https:\/\/miksch.soaking.com.br\/wp-content\/uploads\/2020\/06\/Frame-116.png\" alt=\"\" width=\"16\" height=\"12\" \/> ingenious<\/li>\n<\/ul>\n<\/div>\n<\/div>\n<\/div>\n<div class=\"responsive-columns\">\n<div>\n<h2 class=\"title\" style=\"font-size: 24px;\">TECHNICAL DATA<\/h2>\n<\/div>\n<\/div>\n<table style=\"font-size: 14px !important; line-height: 22px !important;\" border=\"1\">\n<tbody>\n<tr>\n<td style=\"background: #c0c0c0; font-weight: bold; color: #000000;\">Designation<\/td>\n<td style=\"background: #d8d8d8; color: #000000;\">SETT setup tool<\/td>\n<\/tr>\n<tr>\n<td style=\"background: #cccccc; font-weight: bold; color: #000000;\">tool holders<\/td>\n<td style=\"background: #e4e4e4; color: #000000;\">available for all common tool holders<\/td>\n<\/tr>\n<tr>\n<td style=\"background: #c0c0c0; font-weight: bold; color: #000000;\">setting options<\/td>\n<td style=\"background: #d8d8d8; color: #000000;\">Concentricity + Parallelism + Center offset + Correction direction and path + Angular position<\/td>\n<\/tr>\n<\/tbody>\n<\/table>","protected":false},"excerpt":{"rendered":"<p>The <strong>SETT setup tool<\/strong> from MIKSCH revolutionizes the previous approach to aligning tools for your machining center.<br \/>\nThis provides the user with a completely new method, allowing him to align his tools not only faster, but above all more precisely and easily for a wide variety of applications.<\/p>\n<p>areas of application and possibilities<\/p>\n<p><img decoding=\"async\" class=\"alignnone size-full wp-image-3279\" src=\"https:\/\/miksch.soaking.com.br\/wp-content\/uploads\/2020\/06\/Frame-116.png\" alt=\"\" width=\"16\" height=\"12\" \/> Measure the axial distance of the contact surfaces<\/p>\n<p><img decoding=\"async\" class=\"alignnone size-full wp-image-3279\" src=\"https:\/\/miksch.soaking.com.br\/wp-content\/uploads\/2020\/06\/Frame-116.png\" alt=\"\" width=\"16\" height=\"12\" \/> Measure the center offset to the tool spindle and the tool magazine<br \/>\n(Values can be entered directly into the control)<\/p>\n<p><img decoding=\"async\" class=\"alignnone size-full wp-image-3279\" src=\"https:\/\/miksch.soaking.com.br\/wp-content\/uploads\/2020\/06\/Frame-116.png\" alt=\"\" width=\"16\" height=\"12\" \/> Determine correction direction and path<\/p>\n<p><img decoding=\"async\" class=\"alignnone size-full wp-image-3279\" src=\"https:\/\/miksch.soaking.com.br\/wp-content\/uploads\/2020\/06\/Frame-116.png\" alt=\"\" width=\"16\" height=\"12\" \/> set different offset tolerances<\/p>\n<p>The alignment is done via a <strong>\"measuring traversing\"<\/strong>.<br \/>\nYou will receive an exact measurement result.<\/p>\n<p>Do you need initial technical data or details about a SETT setup tool? No problem. Send us a completely non-binding inquiry, and we&#039;ll be happy to help.<\/p>\n<p>Initial information about the SETT setup tool can be found under \u201cDownload\u201d.<\/p>\n<div id=\"linkContainer\">\n<ul>\n<li><a href=\"https:\/\/miksch.soaking.com.br\/wp-content\/uploads\/2024\/12\/M1327DD2412_Zubehor-Fragebogen.pdf\" target=\"_blank\" rel=\"noopener\">Questionnaire Accessories<\/a><\/li>\n<\/ul>\n<\/div>","protected":false},"featured_media":4336,"comment_status":"closed","ping_status":"closed","template":"","meta":{"_acf_changed":false},"product_brand":[],"product_cat":[84],"product_tag":[],"class_list":{"0":"post-3392","1":"product","2":"type-product","3":"status-publish","4":"has-post-thumbnail","6":"product_cat-zubehoer","8":"first","9":"instock","10":"shipping-taxable","11":"product-type-external"},"acf":[],"yoast_head":"<!-- This site is optimized with the Yoast SEO plugin v26.8 - https:\/\/yoast.com\/product\/yoast-seo-wordpress\/ -->\n<title>SETT setup tool<\/title>\n<meta name=\"robots\" content=\"index, follow, max-snippet:-1, max-image-preview:large, max-video-preview:-1\" \/>\n<link rel=\"canonical\" href=\"https:\/\/miksch.soaking.com.br\/en\/product\/sett-setup-tool\/\" \/>\n<meta property=\"og:locale\" content=\"en_US\" \/>\n<meta property=\"og:type\" content=\"article\" \/>\n<meta property=\"og:title\" content=\"SETT setup tool\" \/>\n<meta property=\"og:description\" content=\"Das SETT setup tool aus dem Hause MIKSCH revolutioniert die bisherige Vorgehensweise bei der Ausrichtung von Werkzeugen f\u00fcr Ihr Bearbeitungszentrum. Dem Anwender erschlie\u00dft sich hier eine v\u00f6llig neue Methode, indem er seine Werkzeuge nicht nur schneller, sondern vor allem pr\u00e4ziser und einfacher f\u00fcr die unterschiedlichsten Anwendungen ausrichten kann.  Anwendungsbereiche und M\u00f6glichkeiten   Axialer Abstand der Anlagefl\u00e4chen messen   Mittenversatz zur Werkzeugspindel und zum Werkzeugmagazin messen (Werte k\u00f6nnen direkt in Steuerung eingegeben werden)   Korrekturrichtung und -weg ermitteln   verschiedene Versatztoleranzen einstellen  Die Ausrichtung erfolgt \u00fcber ein \u201eMessendes Verfahren\u201c. Sie erhalten ein exaktes Messergebnis.  Sie ben\u00f6tigen erste Technische Daten oder Details zu einem SETT setup tool? Kein Problem. Lassen Sie uns hierzu eine v\u00f6llig unverbindliche Anfrage zukommen und wir helfen Ihnen gerne weiter.  Erste Informationen zum SETT setup tool erhalten Sie unter \u201cDownload\u201d.    Fragebogen Zubeh\u00f6r\" \/>\n<meta property=\"og:url\" content=\"https:\/\/miksch.soaking.com.br\/en\/product\/sett-setup-tool\/\" \/>\n<meta property=\"og:site_name\" content=\"MIKSCH - accelerates\" \/>\n<meta property=\"article:publisher\" content=\"https:\/\/www.facebook.com\/people\/Miksch-GmbH\/100066497170541\/\" \/>\n<meta property=\"article:modified_time\" content=\"2025-05-07T12:49:50+00:00\" \/>\n<meta property=\"og:image\" content=\"https:\/\/miksch.soaking.com.br\/wp-content\/uploads\/2025\/01\/werkzeugwechsler-einstellhilfe-ausrichthilfe-setup-miksch-Vors.webp\" \/>\n\t<meta property=\"og:image:width\" content=\"350\" \/>\n\t<meta property=\"og:image:height\" content=\"350\" \/>\n\t<meta property=\"og:image:type\" content=\"image\/webp\" \/>\n<meta name=\"twitter:card\" content=\"summary_large_image\" \/>\n<meta name=\"twitter:label1\" content=\"Est. reading time\" \/>\n\t<meta name=\"twitter:data1\" content=\"4 minutes\" \/>\n<script type=\"application\/ld+json\" class=\"yoast-schema-graph\">{\"@context\":\"https:\/\/schema.org\",\"@graph\":[{\"@type\":\"WebPage\",\"@id\":\"https:\/\/miksch.soaking.com.br\/product\/sett-setup-tool\/\",\"url\":\"https:\/\/miksch.soaking.com.br\/product\/sett-setup-tool\/\",\"name\":\"SETT setup tool\",\"isPartOf\":{\"@id\":\"https:\/\/miksch.soaking.com.br\/#website\"},\"primaryImageOfPage\":{\"@id\":\"https:\/\/miksch.soaking.com.br\/product\/sett-setup-tool\/#primaryimage\"},\"image\":{\"@id\":\"https:\/\/miksch.soaking.com.br\/product\/sett-setup-tool\/#primaryimage\"},\"thumbnailUrl\":\"https:\/\/miksch.soaking.com.br\/wp-content\/uploads\/2025\/01\/werkzeugwechsler-einstellhilfe-ausrichthilfe-setup-miksch-Vors.webp\",\"datePublished\":\"2024-11-12T14:53:17+00:00\",\"dateModified\":\"2025-05-07T12:49:50+00:00\",\"breadcrumb\":{\"@id\":\"https:\/\/miksch.soaking.com.br\/product\/sett-setup-tool\/#breadcrumb\"},\"inLanguage\":\"en-US\",\"potentialAction\":[{\"@type\":\"ReadAction\",\"target\":[\"https:\/\/miksch.soaking.com.br\/product\/sett-setup-tool\/\"]}]},{\"@type\":\"ImageObject\",\"inLanguage\":\"en-US\",\"@id\":\"https:\/\/miksch.soaking.com.br\/product\/sett-setup-tool\/#primaryimage\",\"url\":\"https:\/\/miksch.soaking.com.br\/wp-content\/uploads\/2025\/01\/werkzeugwechsler-einstellhilfe-ausrichthilfe-setup-miksch-Vors.webp\",\"contentUrl\":\"https:\/\/miksch.soaking.com.br\/wp-content\/uploads\/2025\/01\/werkzeugwechsler-einstellhilfe-ausrichthilfe-setup-miksch-Vors.webp\",\"width\":350,\"height\":350},{\"@type\":\"BreadcrumbList\",\"@id\":\"https:\/\/miksch.soaking.com.br\/product\/sett-setup-tool\/#breadcrumb\",\"itemListElement\":[{\"@type\":\"ListItem\",\"position\":1,\"name\":\"Home\",\"item\":\"https:\/\/miksch.soaking.com.br\/\"},{\"@type\":\"ListItem\",\"position\":2,\"name\":\"Produkte\",\"item\":\"https:\/\/miksch.soaking.com.br\/shop\/\"},{\"@type\":\"ListItem\",\"position\":3,\"name\":\"SETT setup tool\"}]},{\"@type\":\"WebSite\",\"@id\":\"https:\/\/miksch.soaking.com.br\/#website\",\"url\":\"https:\/\/miksch.soaking.com.br\/\",\"name\":\"MIKSCH GmbH\",\"description\":\"\",\"publisher\":{\"@id\":\"https:\/\/miksch.soaking.com.br\/#organization\"},\"potentialAction\":[{\"@type\":\"SearchAction\",\"target\":{\"@type\":\"EntryPoint\",\"urlTemplate\":\"https:\/\/miksch.soaking.com.br\/?s={search_term_string}\"},\"query-input\":{\"@type\":\"PropertyValueSpecification\",\"valueRequired\":true,\"valueName\":\"search_term_string\"}}],\"inLanguage\":\"en-US\"},{\"@type\":\"Organization\",\"@id\":\"https:\/\/miksch.soaking.com.br\/#organization\",\"name\":\"MIKSCH GmbH\",\"url\":\"https:\/\/miksch.soaking.com.br\/\",\"logo\":{\"@type\":\"ImageObject\",\"inLanguage\":\"en-US\",\"@id\":\"https:\/\/miksch.soaking.com.br\/#\/schema\/logo\/image\/\",\"url\":\"https:\/\/miksch.soaking.com.br\/wp-content\/uploads\/2024\/11\/gcOnlineDirectory-5-2.png\",\"contentUrl\":\"https:\/\/miksch.soaking.com.br\/wp-content\/uploads\/2024\/11\/gcOnlineDirectory-5-2.png\",\"width\":227,\"height\":48,\"caption\":\"MIKSCH GmbH\"},\"image\":{\"@id\":\"https:\/\/miksch.soaking.com.br\/#\/schema\/logo\/image\/\"},\"sameAs\":[\"https:\/\/www.facebook.com\/people\/Miksch-GmbH\/100066497170541\/\",\"https:\/\/au.linkedin.com\/company\/miksch-gmbh\"]}]}<\/script>\n<!-- \/ Yoast SEO plugin. -->","yoast_head_json":{"title":"SETT setup tool","robots":{"index":"index","follow":"follow","max-snippet":"max-snippet:-1","max-image-preview":"max-image-preview:large","max-video-preview":"max-video-preview:-1"},"canonical":"https:\/\/miksch.soaking.com.br\/en\/product\/sett-setup-tool\/","og_locale":"en_US","og_type":"article","og_title":"SETT setup tool","og_description":"Das SETT setup tool aus dem Hause MIKSCH revolutioniert die bisherige Vorgehensweise bei der Ausrichtung von Werkzeugen f\u00fcr Ihr Bearbeitungszentrum. Dem Anwender erschlie\u00dft sich hier eine v\u00f6llig neue Methode, indem er seine Werkzeuge nicht nur schneller, sondern vor allem pr\u00e4ziser und einfacher f\u00fcr die unterschiedlichsten Anwendungen ausrichten kann.  Anwendungsbereiche und M\u00f6glichkeiten   Axialer Abstand der Anlagefl\u00e4chen messen   Mittenversatz zur Werkzeugspindel und zum Werkzeugmagazin messen (Werte k\u00f6nnen direkt in Steuerung eingegeben werden)   Korrekturrichtung und -weg ermitteln   verschiedene Versatztoleranzen einstellen  Die Ausrichtung erfolgt \u00fcber ein \u201eMessendes Verfahren\u201c. Sie erhalten ein exaktes Messergebnis.  Sie ben\u00f6tigen erste Technische Daten oder Details zu einem SETT setup tool? Kein Problem. Lassen Sie uns hierzu eine v\u00f6llig unverbindliche Anfrage zukommen und wir helfen Ihnen gerne weiter.  Erste Informationen zum SETT setup tool erhalten Sie unter \u201cDownload\u201d.    Fragebogen Zubeh\u00f6r","og_url":"https:\/\/miksch.soaking.com.br\/en\/product\/sett-setup-tool\/","og_site_name":"MIKSCH - accelerates","article_publisher":"https:\/\/www.facebook.com\/people\/Miksch-GmbH\/100066497170541\/","article_modified_time":"2025-05-07T12:49:50+00:00","og_image":[{"width":350,"height":350,"url":"https:\/\/miksch.soaking.com.br\/wp-content\/uploads\/2025\/01\/werkzeugwechsler-einstellhilfe-ausrichthilfe-setup-miksch-Vors.webp","type":"image\/webp"}],"twitter_card":"summary_large_image","twitter_misc":{"Est. reading time":"4 minutes"},"schema":{"@context":"https:\/\/schema.org","@graph":[{"@type":"WebPage","@id":"https:\/\/miksch.soaking.com.br\/product\/sett-setup-tool\/","url":"https:\/\/miksch.soaking.com.br\/product\/sett-setup-tool\/","name":"SETT setup tool","isPartOf":{"@id":"https:\/\/miksch.soaking.com.br\/#website"},"primaryImageOfPage":{"@id":"https:\/\/miksch.soaking.com.br\/product\/sett-setup-tool\/#primaryimage"},"image":{"@id":"https:\/\/miksch.soaking.com.br\/product\/sett-setup-tool\/#primaryimage"},"thumbnailUrl":"https:\/\/miksch.soaking.com.br\/wp-content\/uploads\/2025\/01\/werkzeugwechsler-einstellhilfe-ausrichthilfe-setup-miksch-Vors.webp","datePublished":"2024-11-12T14:53:17+00:00","dateModified":"2025-05-07T12:49:50+00:00","breadcrumb":{"@id":"https:\/\/miksch.soaking.com.br\/product\/sett-setup-tool\/#breadcrumb"},"inLanguage":"en-US","potentialAction":[{"@type":"ReadAction","target":["https:\/\/miksch.soaking.com.br\/product\/sett-setup-tool\/"]}]},{"@type":"ImageObject","inLanguage":"en-US","@id":"https:\/\/miksch.soaking.com.br\/product\/sett-setup-tool\/#primaryimage","url":"https:\/\/miksch.soaking.com.br\/wp-content\/uploads\/2025\/01\/werkzeugwechsler-einstellhilfe-ausrichthilfe-setup-miksch-Vors.webp","contentUrl":"https:\/\/miksch.soaking.com.br\/wp-content\/uploads\/2025\/01\/werkzeugwechsler-einstellhilfe-ausrichthilfe-setup-miksch-Vors.webp","width":350,"height":350},{"@type":"BreadcrumbList","@id":"https:\/\/miksch.soaking.com.br\/product\/sett-setup-tool\/#breadcrumb","itemListElement":[{"@type":"ListItem","position":1,"name":"Home","item":"https:\/\/miksch.soaking.com.br\/"},{"@type":"ListItem","position":2,"name":"Produkte","item":"https:\/\/miksch.soaking.com.br\/shop\/"},{"@type":"ListItem","position":3,"name":"SETT setup tool"}]},{"@type":"WebSite","@id":"https:\/\/miksch.soaking.com.br\/#website","url":"https:\/\/miksch.soaking.com.br\/","name":"MIKSCH GmbH","description":"","publisher":{"@id":"https:\/\/miksch.soaking.com.br\/#organization"},"potentialAction":[{"@type":"SearchAction","target":{"@type":"EntryPoint","urlTemplate":"https:\/\/miksch.soaking.com.br\/?s={search_term_string}"},"query-input":{"@type":"PropertyValueSpecification","valueRequired":true,"valueName":"search_term_string"}}],"inLanguage":"en-US"},{"@type":"Organization","@id":"https:\/\/miksch.soaking.com.br\/#organization","name":"MIKSCH GmbH","url":"https:\/\/miksch.soaking.com.br\/","logo":{"@type":"ImageObject","inLanguage":"en-US","@id":"https:\/\/miksch.soaking.com.br\/#\/schema\/logo\/image\/","url":"https:\/\/miksch.soaking.com.br\/wp-content\/uploads\/2024\/11\/gcOnlineDirectory-5-2.png","contentUrl":"https:\/\/miksch.soaking.com.br\/wp-content\/uploads\/2024\/11\/gcOnlineDirectory-5-2.png","width":227,"height":48,"caption":"MIKSCH GmbH"},"image":{"@id":"https:\/\/miksch.soaking.com.br\/#\/schema\/logo\/image\/"},"sameAs":["https:\/\/www.facebook.com\/people\/Miksch-GmbH\/100066497170541\/","https:\/\/au.linkedin.com\/company\/miksch-gmbh"]}]}},"_links":{"self":[{"href":"https:\/\/miksch.soaking.com.br\/en\/wp-json\/wp\/v2\/product\/3392","targetHints":{"allow":["GET"]}}],"collection":[{"href":"https:\/\/miksch.soaking.com.br\/en\/wp-json\/wp\/v2\/product"}],"about":[{"href":"https:\/\/miksch.soaking.com.br\/en\/wp-json\/wp\/v2\/types\/product"}],"replies":[{"embeddable":true,"href":"https:\/\/miksch.soaking.com.br\/en\/wp-json\/wp\/v2\/comments?post=3392"}],"wp:featuredmedia":[{"embeddable":true,"href":"https:\/\/miksch.soaking.com.br\/en\/wp-json\/wp\/v2\/media\/4336"}],"wp:attachment":[{"href":"https:\/\/miksch.soaking.com.br\/en\/wp-json\/wp\/v2\/media?parent=3392"}],"wp:term":[{"taxonomy":"product_brand","embeddable":true,"href":"https:\/\/miksch.soaking.com.br\/en\/wp-json\/wp\/v2\/product_brand?post=3392"},{"taxonomy":"product_cat","embeddable":true,"href":"https:\/\/miksch.soaking.com.br\/en\/wp-json\/wp\/v2\/product_cat?post=3392"},{"taxonomy":"product_tag","embeddable":true,"href":"https:\/\/miksch.soaking.com.br\/en\/wp-json\/wp\/v2\/product_tag?post=3392"}],"curies":[{"name":"wp","href":"https:\/\/api.w.org\/{rel}","templated":true}]}}