{"id":4571,"date":"2025-04-29T08:00:41","date_gmt":"2025-04-29T07:00:41","guid":{"rendered":"https:\/\/miksch.soaking.com.br\/?page_id=4571"},"modified":"2025-05-08T13:14:20","modified_gmt":"2025-05-08T12:14:20","slug":"miksch-gmbh-kunden-feedback-ihre-wuensche","status":"publish","type":"page","link":"https:\/\/miksch.soaking.com.br\/en\/miksch-gmbh-kunden-feedback-ihre-wuensche\/","title":{"rendered":"Your feedback"},"content":{"rendered":"<h1 class=\"wp-block-heading\">Wishes \u2013 Optimizations \u2013 Improvements<\/h1>\n\n\n\n<details class=\"wp-block-details is-layout-flow wp-block-details-is-layout-flow\"><summary><\/summary>\n<p>To consistently meet the high expectations of our customers, we greatly appreciate both praise and constructive criticism.<\/p>\n<\/details>\n\n\n\n<figure class=\"wp-block-image size-full\"><a href=\"https:\/\/miksch.soaking.com.br\/wp-content\/uploads\/2025\/05\/Wuensche_Gluehbirne_Miksch.jpg\"><img decoding=\"async\" width=\"197\" height=\"312\" src=\"https:\/\/miksch.soaking.com.br\/wp-content\/uploads\/2025\/05\/Wuensche_Gluehbirne_Miksch.jpg\" alt=\"\" class=\"wp-image-4697\" srcset=\"https:\/\/miksch.soaking.com.br\/wp-content\/uploads\/2025\/05\/Wuensche_Gluehbirne_Miksch.jpg 197w, https:\/\/miksch.soaking.com.br\/wp-content\/uploads\/2025\/05\/Wuensche_Gluehbirne_Miksch-189x300.jpg 189w, https:\/\/miksch.soaking.com.br\/wp-content\/uploads\/2025\/05\/Wuensche_Gluehbirne_Miksch-8x12.jpg 8w\" sizes=\"(max-width: 197px) 100vw, 197px\" \/><\/a><\/figure>\n\n\n\n<h3 class=\"wp-block-heading\"><strong>Your feedback matters!<\/strong><\/h3>\n\n\n\n<div><span data-slate-fragment=\"JTVCJTdCJTIydHlwZSUyMiUzQSUyMnAlMjIlMkMlMjJpbmRlbnQlMjIlM0EwJTJDJTIyY2hpbGRyZW4lMjIlM0ElNUIlN0IlMjJ0ZXh0JTIyJTNBJTIyU2luZCUyMFNpZSUyMG1pdCUyMHVuc2VyZW4lMjBMZWlzdHVuZ2VuJTIwdW56dWZyaWVkZW4lM0YlMjIlN0QlNUQlMkMlMjJpZCUyMiUzQSUyMnkybTZsJTIyJTdEJTVE\">Are you satisfied with our services?<\/span><\/div>\n\n\n\n<div>&nbsp;<\/div>\n\n\n\n<div><span data-slate-fragment=\"JTVCJTdCJTIydHlwZSUyMiUzQSUyMnAlMjIlMkMlMjJpbmRlbnQlMjIlM0EwJTJDJTIyY2hpbGRyZW4lMjIlM0ElNUIlN0IlMjJ0ZXh0JTIyJTNBJTIyT2RlciUyMGhhYmVuJTIwU2llJTIwVm9yc2NobCVDMyVBNGdlJTJDJTIwd2llJTIwd2lyJTIwdW5zJTIwdmVyYmVzc2VybiUyMGslQzMlQjZubnRlbiUzRiUyMiU3RCU1RCUyQyUyMmlkJTIyJTNBJTIyNXRhZGolMjIlN0QlNUQ=\">Or do you have any suggestions on how we could improve?<\/span><\/div>\n\n\n\n<div>&nbsp;<\/div>\n\n\n\n<div><span data-slate-fragment=\"JTVCJTdCJTIydHlwZSUyMiUzQSUyMnAlMjIlMkMlMjJpbmRlbnQlMjIlM0EwJTJDJTIyY2hpbGRyZW4lMjIlM0ElNUIlN0IlMjJ0ZXh0JTIyJTNBJTIyRGFubiUyMGxhc3NlbiUyMFNpZSUyMGVzJTIwdW5zJTIwYml0dGUlMjB3aXNzZW4hJTIwTnV0emVuJTIwU2llJTIwaGllcmYlQzMlQkNyJTIwdW5zZXIlMjBLb250YWt0Zm9ybXVsYXIlMjBvZGVyJTIwc2VuZGVuJTIwU2llJTIwdW5zJTIwZWluZSUyMEUtTWFpbC4lMjIlN0QlNUQlMkMlMjJpZCUyMiUzQSUyMmV1Zmh4JTIyJTdEJTVE\">Then please let us know! Use our [link\/form\/etc.] for this purpose. <a class=\"internal-link\" href=\"https:\/\/miksch.soaking.com.br\/en\/kontakt-zu-miksch-gmbh-ihre-anfrage-kontaktmoeglichkeiten\/\" target=\"_blank\" rel=\"noopener\">Contact form<\/a><br>or send us a <a class=\"mail\" title=\"MIKSCH suggestion for improvement\" href=\"https:\/\/www.miksch.de\/typo3\/mailto:typo3\/mailto:miksch@miksch.de\">e-mail<\/a>Email.<\/span><\/div>\n\n\n\n<p>Your MIKSCH team<\/p>","protected":false},"excerpt":{"rendered":"<p>W\u00fcnsche&nbsp; &#8211; Optimierungen &#8211; Verbesserungen Ihr Feedback z\u00e4hlt! Sind Sie mit unseren Leistungen zufrieden? &nbsp; Oder haben Sie Vorschl\u00e4ge, wie wir uns verbessern k\u00f6nnten? &nbsp; Dann lassen Sie es uns bitte wissen! Nutzen Sie hierf\u00fcr unser Kontaktformularoder senden Sie uns eine E-Mail. E-Mail. Ihr MIKSCH-Team<\/p>","protected":false},"author":4,"featured_media":0,"parent":0,"menu_order":0,"comment_status":"closed","ping_status":"closed","template":"","meta":{"_acf_changed":false,"footnotes":""},"class_list":["post-4571","page","type-page","status-publish","hentry"],"acf":[],"yoast_head":"<!-- This site is optimized with the Yoast SEO plugin v26.8 - https:\/\/yoast.com\/product\/yoast-seo-wordpress\/ -->\n<title>Ihr Feedback<\/title>\n<meta name=\"description\" content=\"Kunden Feedback, W\u00fcnsche, Optimierungen, Verbesserungen\" \/>\n<meta name=\"robots\" content=\"index, follow, max-snippet:-1, max-image-preview:large, max-video-preview:-1\" \/>\n<link rel=\"canonical\" href=\"https:\/\/miksch.soaking.com.br\/en\/miksch-gmbh-kunden-feedback-ihre-wuensche\/\" \/>\n<meta property=\"og:locale\" content=\"en_US\" \/>\n<meta property=\"og:type\" content=\"article\" \/>\n<meta property=\"og:title\" content=\"Ihr Feedback\" \/>\n<meta property=\"og:description\" content=\"Kunden Feedback, W\u00fcnsche, Optimierungen, Verbesserungen\" \/>\n<meta property=\"og:url\" content=\"https:\/\/miksch.soaking.com.br\/en\/miksch-gmbh-kunden-feedback-ihre-wuensche\/\" \/>\n<meta property=\"og:site_name\" content=\"MIKSCH - accelerates\" \/>\n<meta property=\"article:publisher\" content=\"https:\/\/www.facebook.com\/people\/Miksch-GmbH\/100066497170541\/\" \/>\n<meta property=\"article:modified_time\" content=\"2025-05-08T12:14:20+00:00\" \/>\n<meta property=\"og:image\" content=\"https:\/\/miksch.soaking.com.br\/wp-content\/uploads\/2025\/05\/Wuensche_Gluehbirne_Miksch.jpg\" \/>\n\t<meta property=\"og:image:width\" content=\"197\" \/>\n\t<meta property=\"og:image:height\" content=\"312\" \/>\n\t<meta property=\"og:image:type\" content=\"image\/jpeg\" \/>\n<meta name=\"twitter:card\" content=\"summary_large_image\" \/>\n<meta name=\"twitter:label1\" content=\"Est. reading time\" \/>\n\t<meta name=\"twitter:data1\" content=\"1 minute\" \/>\n<script type=\"application\/ld+json\" class=\"yoast-schema-graph\">{\"@context\":\"https:\/\/schema.org\",\"@graph\":[{\"@type\":\"WebPage\",\"@id\":\"https:\/\/miksch.soaking.com.br\/miksch-gmbh-kunden-feedback-ihre-wuensche\/\",\"url\":\"https:\/\/miksch.soaking.com.br\/miksch-gmbh-kunden-feedback-ihre-wuensche\/\",\"name\":\"Ihr Feedback\",\"isPartOf\":{\"@id\":\"https:\/\/miksch.soaking.com.br\/#website\"},\"primaryImageOfPage\":{\"@id\":\"https:\/\/miksch.soaking.com.br\/miksch-gmbh-kunden-feedback-ihre-wuensche\/#primaryimage\"},\"image\":{\"@id\":\"https:\/\/miksch.soaking.com.br\/miksch-gmbh-kunden-feedback-ihre-wuensche\/#primaryimage\"},\"thumbnailUrl\":\"https:\/\/miksch.soaking.com.br\/wp-content\/uploads\/2025\/05\/Wuensche_Gluehbirne_Miksch.jpg\",\"datePublished\":\"2025-04-29T07:00:41+00:00\",\"dateModified\":\"2025-05-08T12:14:20+00:00\",\"description\":\"Kunden Feedback, W\u00fcnsche, Optimierungen, Verbesserungen\",\"breadcrumb\":{\"@id\":\"https:\/\/miksch.soaking.com.br\/miksch-gmbh-kunden-feedback-ihre-wuensche\/#breadcrumb\"},\"inLanguage\":\"en-US\",\"potentialAction\":[{\"@type\":\"ReadAction\",\"target\":[\"https:\/\/miksch.soaking.com.br\/miksch-gmbh-kunden-feedback-ihre-wuensche\/\"]}]},{\"@type\":\"ImageObject\",\"inLanguage\":\"en-US\",\"@id\":\"https:\/\/miksch.soaking.com.br\/miksch-gmbh-kunden-feedback-ihre-wuensche\/#primaryimage\",\"url\":\"https:\/\/miksch.soaking.com.br\/wp-content\/uploads\/2025\/05\/Wuensche_Gluehbirne_Miksch.jpg\",\"contentUrl\":\"https:\/\/miksch.soaking.com.br\/wp-content\/uploads\/2025\/05\/Wuensche_Gluehbirne_Miksch.jpg\"},{\"@type\":\"BreadcrumbList\",\"@id\":\"https:\/\/miksch.soaking.com.br\/miksch-gmbh-kunden-feedback-ihre-wuensche\/#breadcrumb\",\"itemListElement\":[{\"@type\":\"ListItem\",\"position\":1,\"name\":\"Home\",\"item\":\"https:\/\/miksch.soaking.com.br\/\"},{\"@type\":\"ListItem\",\"position\":2,\"name\":\"Ihr Feedback\"}]},{\"@type\":\"WebSite\",\"@id\":\"https:\/\/miksch.soaking.com.br\/#website\",\"url\":\"https:\/\/miksch.soaking.com.br\/\",\"name\":\"MIKSCH GmbH\",\"description\":\"\",\"publisher\":{\"@id\":\"https:\/\/miksch.soaking.com.br\/#organization\"},\"potentialAction\":[{\"@type\":\"SearchAction\",\"target\":{\"@type\":\"EntryPoint\",\"urlTemplate\":\"https:\/\/miksch.soaking.com.br\/?s={search_term_string}\"},\"query-input\":{\"@type\":\"PropertyValueSpecification\",\"valueRequired\":true,\"valueName\":\"search_term_string\"}}],\"inLanguage\":\"en-US\"},{\"@type\":\"Organization\",\"@id\":\"https:\/\/miksch.soaking.com.br\/#organization\",\"name\":\"MIKSCH GmbH\",\"url\":\"https:\/\/miksch.soaking.com.br\/\",\"logo\":{\"@type\":\"ImageObject\",\"inLanguage\":\"en-US\",\"@id\":\"https:\/\/miksch.soaking.com.br\/#\/schema\/logo\/image\/\",\"url\":\"https:\/\/miksch.soaking.com.br\/wp-content\/uploads\/2024\/11\/gcOnlineDirectory-5-2.png\",\"contentUrl\":\"https:\/\/miksch.soaking.com.br\/wp-content\/uploads\/2024\/11\/gcOnlineDirectory-5-2.png\",\"width\":227,\"height\":48,\"caption\":\"MIKSCH GmbH\"},\"image\":{\"@id\":\"https:\/\/miksch.soaking.com.br\/#\/schema\/logo\/image\/\"},\"sameAs\":[\"https:\/\/www.facebook.com\/people\/Miksch-GmbH\/100066497170541\/\",\"https:\/\/au.linkedin.com\/company\/miksch-gmbh\"]}]}<\/script>\n<!-- \/ Yoast SEO plugin. -->","yoast_head_json":{"title":"Your feedback","description":"Kunden Feedback, W\u00fcnsche, Optimierungen, Verbesserungen","robots":{"index":"index","follow":"follow","max-snippet":"max-snippet:-1","max-image-preview":"max-image-preview:large","max-video-preview":"max-video-preview:-1"},"canonical":"https:\/\/miksch.soaking.com.br\/en\/miksch-gmbh-kunden-feedback-ihre-wuensche\/","og_locale":"en_US","og_type":"article","og_title":"Ihr Feedback","og_description":"Kunden Feedback, W\u00fcnsche, Optimierungen, Verbesserungen","og_url":"https:\/\/miksch.soaking.com.br\/en\/miksch-gmbh-kunden-feedback-ihre-wuensche\/","og_site_name":"MIKSCH - accelerates","article_publisher":"https:\/\/www.facebook.com\/people\/Miksch-GmbH\/100066497170541\/","article_modified_time":"2025-05-08T12:14:20+00:00","og_image":[{"width":197,"height":312,"url":"https:\/\/miksch.soaking.com.br\/wp-content\/uploads\/2025\/05\/Wuensche_Gluehbirne_Miksch.jpg","type":"image\/jpeg"}],"twitter_card":"summary_large_image","twitter_misc":{"Est. reading time":"1 minute"},"schema":{"@context":"https:\/\/schema.org","@graph":[{"@type":"WebPage","@id":"https:\/\/miksch.soaking.com.br\/miksch-gmbh-kunden-feedback-ihre-wuensche\/","url":"https:\/\/miksch.soaking.com.br\/miksch-gmbh-kunden-feedback-ihre-wuensche\/","name":"Your feedback","isPartOf":{"@id":"https:\/\/miksch.soaking.com.br\/#website"},"primaryImageOfPage":{"@id":"https:\/\/miksch.soaking.com.br\/miksch-gmbh-kunden-feedback-ihre-wuensche\/#primaryimage"},"image":{"@id":"https:\/\/miksch.soaking.com.br\/miksch-gmbh-kunden-feedback-ihre-wuensche\/#primaryimage"},"thumbnailUrl":"https:\/\/miksch.soaking.com.br\/wp-content\/uploads\/2025\/05\/Wuensche_Gluehbirne_Miksch.jpg","datePublished":"2025-04-29T07:00:41+00:00","dateModified":"2025-05-08T12:14:20+00:00","description":"Kunden Feedback, W\u00fcnsche, Optimierungen, Verbesserungen","breadcrumb":{"@id":"https:\/\/miksch.soaking.com.br\/miksch-gmbh-kunden-feedback-ihre-wuensche\/#breadcrumb"},"inLanguage":"en-US","potentialAction":[{"@type":"ReadAction","target":["https:\/\/miksch.soaking.com.br\/miksch-gmbh-kunden-feedback-ihre-wuensche\/"]}]},{"@type":"ImageObject","inLanguage":"en-US","@id":"https:\/\/miksch.soaking.com.br\/miksch-gmbh-kunden-feedback-ihre-wuensche\/#primaryimage","url":"https:\/\/miksch.soaking.com.br\/wp-content\/uploads\/2025\/05\/Wuensche_Gluehbirne_Miksch.jpg","contentUrl":"https:\/\/miksch.soaking.com.br\/wp-content\/uploads\/2025\/05\/Wuensche_Gluehbirne_Miksch.jpg"},{"@type":"BreadcrumbList","@id":"https:\/\/miksch.soaking.com.br\/miksch-gmbh-kunden-feedback-ihre-wuensche\/#breadcrumb","itemListElement":[{"@type":"ListItem","position":1,"name":"Home","item":"https:\/\/miksch.soaking.com.br\/"},{"@type":"ListItem","position":2,"name":"Ihr Feedback"}]},{"@type":"WebSite","@id":"https:\/\/miksch.soaking.com.br\/#website","url":"https:\/\/miksch.soaking.com.br\/","name":"MIKSCH GmbH","description":"","publisher":{"@id":"https:\/\/miksch.soaking.com.br\/#organization"},"potentialAction":[{"@type":"SearchAction","target":{"@type":"EntryPoint","urlTemplate":"https:\/\/miksch.soaking.com.br\/?s={search_term_string}"},"query-input":{"@type":"PropertyValueSpecification","valueRequired":true,"valueName":"search_term_string"}}],"inLanguage":"en-US"},{"@type":"Organization","@id":"https:\/\/miksch.soaking.com.br\/#organization","name":"MIKSCH GmbH","url":"https:\/\/miksch.soaking.com.br\/","logo":{"@type":"ImageObject","inLanguage":"en-US","@id":"https:\/\/miksch.soaking.com.br\/#\/schema\/logo\/image\/","url":"https:\/\/miksch.soaking.com.br\/wp-content\/uploads\/2024\/11\/gcOnlineDirectory-5-2.png","contentUrl":"https:\/\/miksch.soaking.com.br\/wp-content\/uploads\/2024\/11\/gcOnlineDirectory-5-2.png","width":227,"height":48,"caption":"MIKSCH GmbH"},"image":{"@id":"https:\/\/miksch.soaking.com.br\/#\/schema\/logo\/image\/"},"sameAs":["https:\/\/www.facebook.com\/people\/Miksch-GmbH\/100066497170541\/","https:\/\/au.linkedin.com\/company\/miksch-gmbh"]}]}},"_links":{"self":[{"href":"https:\/\/miksch.soaking.com.br\/en\/wp-json\/wp\/v2\/pages\/4571","targetHints":{"allow":["GET"]}}],"collection":[{"href":"https:\/\/miksch.soaking.com.br\/en\/wp-json\/wp\/v2\/pages"}],"about":[{"href":"https:\/\/miksch.soaking.com.br\/en\/wp-json\/wp\/v2\/types\/page"}],"author":[{"embeddable":true,"href":"https:\/\/miksch.soaking.com.br\/en\/wp-json\/wp\/v2\/users\/4"}],"replies":[{"embeddable":true,"href":"https:\/\/miksch.soaking.com.br\/en\/wp-json\/wp\/v2\/comments?post=4571"}],"version-history":[{"count":9,"href":"https:\/\/miksch.soaking.com.br\/en\/wp-json\/wp\/v2\/pages\/4571\/revisions"}],"predecessor-version":[{"id":4715,"href":"https:\/\/miksch.soaking.com.br\/en\/wp-json\/wp\/v2\/pages\/4571\/revisions\/4715"}],"wp:attachment":[{"href":"https:\/\/miksch.soaking.com.br\/en\/wp-json\/wp\/v2\/media?parent=4571"}],"curies":[{"name":"wp","href":"https:\/\/api.w.org\/{rel}","templated":true}]}}