{"id":4004,"date":"2024-12-14T16:25:40","date_gmt":"2024-12-14T15:25:40","guid":{"rendered":"https:\/\/miksch.soaking.com.br\/?page_id=4004"},"modified":"2025-04-16T09:46:54","modified_gmt":"2025-04-16T08:46:54","slug":"miksch-gmbh-service-technischer-support-und-hilfe","status":"publish","type":"page","link":"https:\/\/miksch.soaking.com.br\/en\/miksch-gmbh-service-technischer-support-und-hilfe\/","title":{"rendered":"Kontakt Service"},"content":{"rendered":"<div class=\"wpb-content-wrapper\"><div data-vc-full-width=\"true\" data-vc-full-width-init=\"false\" class=\"vc_row wpb_row vc_row-fluid vc_custom_1734185092881 vc_row-has-fill position-relative\"><div class=\"wpb_column vc_column_container vc_col-sm-12\"><div class=\"vc_column-inner\"><div class=\"wpb_wrapper\"><div class=\"deeper-spacer clearfix\" data-config='{\"desktop\":150,\"mobile\":120,\"smobile\":90}'><\/div><h2 class=\"deeper-text align-left\" style=\"font-size:30px;font-weight:700;color:#009EE1;\" ><span>WELCOME TO OUR CONTACT PAGE FOR SERVICE REQUESTS<\/span>\n<\/h2><h2 class=\"deeper-text align-left\" style=\"font-size:15px;font-weight:500;color:#6A727F;\" ><span>Our service team will be happy to answer any questions you may have about repairs and spare parts.<br \/>\nWhen contacting us, we always need the information on the type plate.<br \/>\nWe also need your order number, contact person, email address and telephone number.<br \/>\nPlease send your repairs to the following address.<\/span>\n<span>Thank you.<br \/>\nYour MIKSCH service team<\/span>\n<\/h2><div class=\"deeper-cf7 form-4003  btn-accent style-1 align-center\" style=\"\">\n<div class=\"wpcf7 no-js\" id=\"wpcf7-f4003-o1\" lang=\"pt-BR\" dir=\"ltr\" data-wpcf7-id=\"4003\">\n<div class=\"screen-reader-response\"><p role=\"status\" aria-live=\"polite\" aria-atomic=\"true\"><\/p> <ul><\/ul><\/div>\n<form action=\"\/en\/wp-json\/wp\/v2\/pages\/4004#wpcf7-f4003-o1\" method=\"post\" class=\"wpcf7-form init\" aria-label=\"Formul\u00e1rios de contato\" novalidate=\"novalidate\" data-status=\"init\" data-trp-original-action=\"\/en\/wp-json\/wp\/v2\/pages\/4004#wpcf7-f4003-o1\">\n<fieldset class=\"hidden-fields-container\"><input type=\"hidden\" name=\"_wpcf7\" value=\"4003\" \/><input type=\"hidden\" name=\"_wpcf7_version\" value=\"6.1.4\" \/><input type=\"hidden\" name=\"_wpcf7_locale\" value=\"pt_BR\" \/><input type=\"hidden\" name=\"_wpcf7_unit_tag\" value=\"wpcf7-f4003-o1\" \/><input type=\"hidden\" name=\"_wpcf7_container_post\" value=\"0\" \/><input type=\"hidden\" name=\"_wpcf7_posted_data_hash\" value=\"\" \/>\n<\/fieldset>\n<div class=\"form-row\">\n\t<div class=\"form-column\">\n\t\t<div class=\"class-kontaktdaten\">\n\t\t\t<p>YOUR CONTACT DETAILS\n\t\t\t<\/p>\n\t\t<\/div>\n\t\t<p><span class=\"wpcf7-form-control-wrap\" data-name=\"your-anrede\"><input size=\"40\" maxlength=\"400\" class=\"wpcf7-form-control wpcf7-text\" aria-invalid=\"false\" placeholder=\"Salutation - Please enter\" value=\"\" type=\"text\" name=\"your-anrede\" \/><\/span>\n\t\t<\/p>\n\t\t<div class=\"form-row\">\n\t\t\t<div class=\"form-column\">\n\t\t\t\t<p><span class=\"wpcf7-form-control-wrap\" data-name=\"your-vorname\"><input size=\"40\" maxlength=\"400\" class=\"wpcf7-form-control wpcf7-text\" aria-invalid=\"false\" placeholder=\"First name\" value=\"\" type=\"text\" name=\"your-vorname\" \/><\/span>\n\t\t\t\t<\/p>\n\t\t\t<\/div>\n\t\t\t<div class=\"form-column\">\n\t\t\t\t<p><span class=\"wpcf7-form-control-wrap\" data-name=\"your-nachname\"><input size=\"40\" maxlength=\"400\" class=\"wpcf7-form-control wpcf7-text wpcf7-validates-as-required\" aria-required=\"true\" aria-invalid=\"false\" placeholder=\"Last name *\" value=\"\" type=\"text\" name=\"your-nachname\" \/><\/span>\n\t\t\t\t<\/p>\n\t\t\t<\/div>\n\t\t<\/div>\n\t\t<div class=\"form-column-full\">\n\t\t\t<p><span class=\"wpcf7-form-control-wrap\" data-name=\"your-email\"><input size=\"40\" maxlength=\"400\" class=\"wpcf7-form-control wpcf7-text wpcf7-validates-as-required\" aria-required=\"true\" aria-invalid=\"false\" placeholder=\"E-mail address *\" value=\"\" type=\"text\" name=\"your-email\" \/><\/span>\n\t\t\t<\/p>\n\t\t<\/div>\n\t\t<div class=\"form-column-full\">\n\t\t\t<p><span class=\"wpcf7-form-control-wrap\" data-name=\"your-telefon\"><input size=\"40\" maxlength=\"400\" class=\"wpcf7-form-control wpcf7-text wpcf7-validates-as-required\" aria-required=\"true\" aria-invalid=\"false\" placeholder=\"Telephone *\" value=\"\" type=\"text\" name=\"your-telefon\" \/><\/span>\n\t\t\t<\/p>\n\t\t<\/div>\n\t\t<div class=\"form-column-full\">\n\t\t\t<p><span class=\"wpcf7-form-control-wrap\" data-name=\"your-adresse\"><input size=\"40\" maxlength=\"400\" class=\"wpcf7-form-control wpcf7-text\" aria-invalid=\"false\" placeholder=\"Address (including country)\" value=\"\" type=\"text\" name=\"your-adresse\" \/><\/span>\n\t\t\t<\/p>\n\t\t<\/div>\n\t<\/div>\n\t<div class=\"form-column\">\n\t\t<div class=\"form-column-full\">\n\t\t\t<div style=\"font-size: 25px;color: black;font-weight: 700;margin-bottom: -5px;\">\n\t\t\t\t<p>MIKSCH GMBH\n\t\t\t\t<\/p>\n\t\t\t<\/div>\n\t\t\t<div style=\"color: #3c3c3c;margin-bottom: -5px;\">\n\t\t\t\t<p>SERVICE Department\n\t\t\t\t<\/p>\n\t\t\t<\/div>\n\t\t\t<div style=\"color: #3c3c3c;margin-bottom: -5px;\">\n\t\t\t\t<p>Reutlinger Str. 5, 73037 G\u00f6ppingen - Germany\n\t\t\t\t<\/p>\n\t\t\t<\/div>\n\t\t\t<div style=\"color: #3c3c3c;margin-bottom: -5px;\">\n\t\t\t\t<p>Telephone: + 49 (0) 7161-6724-50\n\t\t\t\t<\/p>\n\t\t\t<\/div>\n\t\t\t<div style=\"color: #3c3c3c;margin-bottom: -5px;\">\n\t\t\t\t<p>Fax: + 49 (0) 7161-6724-99\n\t\t\t\t<\/p>\n\t\t\t<\/div>\n\t\t\t<div style=\"color: #3c3c3c;margin-bottom: 15px;\">\n\t\t\t\t<p>Email: service@miksch.de\n\t\t\t\t<\/p>\n\t\t\t<\/div>\n\t\t<\/div>\n\t\t<div class=\"form-column-full\">\n\t\t\t<div class=\"class-anfrage\">\n\t\t\t\t<p>FOR SERVICE REQUEST\n\t\t\t\t<\/p>\n\t\t\t<\/div>\n\t\t\t<p><span class=\"wpcf7-form-control-wrap\" data-name=\"your-produktbezeichnung\"><input size=\"40\" maxlength=\"400\" class=\"wpcf7-form-control wpcf7-text\" aria-invalid=\"false\" placeholder=\"Product name\" value=\"\" type=\"text\" name=\"your-produktbezeichnung\" \/><\/span>\n\t\t\t<\/p>\n\t\t<\/div>\n\t\t<div class=\"form-column-full\">\n\t\t\t<p><span class=\"wpcf7-form-control-wrap\" data-name=\"your-seriennummer\"><input size=\"40\" maxlength=\"400\" class=\"wpcf7-form-control wpcf7-text\" aria-invalid=\"false\" placeholder=\"Serial number or drawing number\" value=\"\" type=\"text\" name=\"your-seriennummer\" \/><\/span>\n\t\t\t<\/p>\n\t\t<\/div>\n\t<\/div>\n<\/div>\n<div class=\"form-row\">\n\t<div class=\"form-column-full\">\n\t\t<div class=\"class-uns\">\n\t\t\t<p>YOUR MESSAGE TO US\n\t\t\t<\/p>\n\t\t<\/div>\n\t\t<p><span class=\"wpcf7-form-control-wrap\" data-name=\"your-ihre\"><textarea cols=\"40\" rows=\"10\" maxlength=\"2000\" class=\"wpcf7-form-control wpcf7-textarea\" aria-invalid=\"false\" placeholder=\"Your message to us\" name=\"your-ihre\"><\/textarea><\/span>\n\t\t<\/p>\n\t<\/div>\n<\/div>\n<div class=\"form-row\">\n\t<div class=\"form-column\">\n\t\t<p><input class=\"wpcf7-form-control wpcf7-submit has-spinner\" type=\"submit\" value=\"Send\" \/><input class=\"wpcf7-form-control wpcf7-submit has-spinner\" type=\"submit\" value=\"Attachment\" \/><span style=\"font-size: 13px;\">By sending this message, I confirm that I have read and understood the privacy policy *<\/span>\n\t\t<\/p>\n\t<\/div>\n<\/div><div class=\"wpcf7-response-output\" aria-hidden=\"true\"><\/div>\n<input type=\"hidden\" name=\"trp-form-language\" value=\"en\"\/><\/form>\n<\/div>\n<\/div><div class=\"deeper-spacer clearfix\" data-config='{\"desktop\":70,\"mobile\":50,\"smobile\":50}'><\/div><h2 class=\"deeper-text align-center\" style=\"color:#009EE1;\" ><h2 id=\"#Ankeranfahrt\">Directions to MIKSCH GmbH<\/h2>\n<span>GPS\u00a0<a href=\"http:\/\/maps.google.de\/maps?f=q&amp;source=s_q&amp;hl=de&amp;geocode=&amp;q=48%C2%B0+41%27+47%27%27,+09%C2%B0+40%27+38%27%27&amp;sll=51.151786,10.415039&amp;sspn=24.145295,53.481445&amp;ie=UTF8&amp;hq=&amp;hnear=Reutlinger+Stra%C3%9Fe+5-7,+73037+G%C3%B6ppingen,+Baden-W%C3%BCrttemberg&amp;z=16\" target=\"_blank\" rel=\"noopener\">48\u00b0 41\u2032 47\u201d, 09\u00b0 40\u2032 38\u201d<\/a><br \/>\nMAP @<a href=\"http:\/\/maps.google.de\/maps?f=q&amp;source=s_q&amp;hl=de&amp;geocode=&amp;q=%4048.69647,9.677131&amp;sll=48.696469,9.677122&amp;sspn=0.006288,0.013196&amp;ie=UTF8&amp;hq=&amp;hnear=Reutlinger+Stra%C3%9Fe+5,+73037+G%C3%B6ppingen,+Baden-W%C3%BCrttemberg&amp;z=16\" target=\"_blank\" rel=\"noopener\">48.69647,9.677131<\/a><\/span>\n<\/h2><h2 class=\"deeper-text align-center\" style=\"\" ><span><iframe loading=\"lazy\" style=\"margin: 1em 0;\" src=\"http:\/\/maps.google.de\/maps?f=q&amp;hl=de&amp;geocode=&amp;q=Reutlinger+Str.+5,+73037+G%C3%B6ppingen&amp;sll=48.687164,9.660673&amp;sspn=0.041137,0.074844&amp;ie=UTF8&amp;z=14&amp;iwloc=addr&amp;ll=48.703594,9.681358&amp;output=embed&amp;s=AARTsJr1m_e6dIuJ7SVyiGlegkTq37Nnnw\" width=\"1350\" height=\"1050\" frameborder=\"0\" marginwidth=\"0\" marginheight=\"0\" scrolling=\"no\"><\/iframe><\/span>\n<span><a href=\"http:\/\/maps.google.de\/maps?f=q&amp;hl=de&amp;geocode=&amp;q=Reutlinger+Str.+5,+73037+G%C3%B6ppingen&amp;sll=48.687164,9.660673&amp;sspn=0.041137,0.074844&amp;ie=UTF8&amp;z=14&amp;iwloc=addr&amp;ll=48.703594,9.681358&amp;source=embed\">Larger map view<\/a><\/span>\n<\/h2><\/div><\/div><\/div><\/div><div class=\"vc_row-full-width vc_clearfix\"><\/div><section data-vc-full-width=\"true\" data-vc-full-width-init=\"false\" class=\"vc_section vc_custom_1734184417293 vc_section-has-fill\"><div class=\"vc_row wpb_row vc_row-fluid position-relative\"><div class=\"wpb_column vc_column_container vc_col-sm-6\"><div class=\"vc_column-inner\"><div class=\"wpb_wrapper\"><div class=\"deeper-text align-left\" style=\"font-size:36px;font-weight:600;color:#FFFFFF;\" ><span>newsletter<\/span>\n<\/div><div class=\"deeper-text align-left\" style=\"font-size:16px;line-height:20px;color:#000000;\" ><span>Yes, I would like to subscribe to the MIKSCH newsletter and am<br \/>\n16 years old. We use the data you provide<br \/>\nexclusively for sending the MIKSCH newsletter. We will not share your data with third parties.<br \/>\nPlease also note our privacy policy.<\/span>\n<\/div><\/div><\/div><\/div><div class=\"wpb_column vc_column_container vc_col-sm-6\"><div class=\"vc_column-inner\"><div class=\"wpb_wrapper\"><div class=\"deeper-spacer clearfix\" data-config='{\"desktop\":100,\"mobile\":60,\"smobile\":60}'><\/div><div class=\"deeper-cf7 form-434  btn-accent style-1 align-center\" style=\"\">\n<div class=\"wpcf7 no-js\" id=\"wpcf7-f434-o2\" lang=\"en-US\" dir=\"ltr\" data-wpcf7-id=\"434\">\n<div class=\"screen-reader-response\"><p role=\"status\" aria-live=\"polite\" aria-atomic=\"true\"><\/p> <ul><\/ul><\/div>\n<form action=\"\/en\/wp-json\/wp\/v2\/pages\/4004#wpcf7-f434-o2\" method=\"post\" class=\"wpcf7-form init\" aria-label=\"Contact form\" novalidate=\"novalidate\" data-status=\"init\" data-trp-original-action=\"\/en\/wp-json\/wp\/v2\/pages\/4004#wpcf7-f434-o2\">\n<fieldset class=\"hidden-fields-container\"><input type=\"hidden\" name=\"_wpcf7\" value=\"434\" \/><input type=\"hidden\" name=\"_wpcf7_version\" value=\"6.1.4\" \/><input type=\"hidden\" name=\"_wpcf7_locale\" value=\"en_US\" \/><input type=\"hidden\" name=\"_wpcf7_unit_tag\" value=\"wpcf7-f434-o2\" \/><input type=\"hidden\" name=\"_wpcf7_container_post\" value=\"0\" \/><input type=\"hidden\" name=\"_wpcf7_posted_data_hash\" value=\"\" \/>\n<\/fieldset>\n<div class=\"email-wrap\">\n\t<p><span class=\"wpcf7-form-control-wrap\" data-name=\"your-email\"><input size=\"40\" maxlength=\"400\" class=\"wpcf7-form-control wpcf7-email wpcf7-validates-as-required wpcf7-text wpcf7-validates-as-email\" aria-required=\"true\" aria-invalid=\"false\" placeholder=\"E-mail\" value=\"\" type=\"email\" name=\"your-email\" \/><\/span><br \/>\n<button type=\"submit\" class=\"icon-submit\" ><i class=\"fa fa-location-arrow fa-lg\"><\/i><\/button>\n\t<\/p>\n<\/div><div class=\"wpcf7-response-output\" aria-hidden=\"true\"><\/div>\n<input type=\"hidden\" name=\"trp-form-language\" value=\"en\"\/><\/form>\n<\/div>\n<\/div><\/div><\/div><\/div><\/div><div class=\"vc_row wpb_row vc_row-fluid position-relative\"><div class=\"wpb_column vc_column_container vc_col-sm-12\"><div class=\"vc_column-inner\"><div class=\"wpb_wrapper\"><div class=\"deeper-spacer clearfix\" data-config='{\"desktop\":50,\"mobile\":50,\"smobile\":50}'><\/div><\/div><\/div><\/div><\/div><\/section><div class=\"vc_row-full-width vc_clearfix\"><\/div><section class=\"vc_section vc_custom_1734184582424 vc_section-has-fill\"><div class=\"vc_row wpb_row vc_row-fluid position-relative\"><div class=\"wpb_column vc_column_container vc_col-sm-12\"><div class=\"vc_column-inner\"><div class=\"wpb_wrapper\"><div class=\"deeper-spacer clearfix\" data-config='{\"desktop\":20}'><\/div><\/div><\/div><\/div><\/div><\/section>\n<\/div>","protected":false},"excerpt":{"rendered":"WILLKOMMEN AUF UNSERER KONTAKTSEITE F\u00dcR SERVICEANFRAGEN Unser Service-Team steht Ihnen bei Fragen rund um Reparaturen und Ersatzteilen gerne zur Verf\u00fcgung. Bei einer Kontaktaufnahme ben\u00f6tigen wir immer die Angaben auf dem Typenschild. Weiterhin ben\u00f6tigen wir von Ihnen die Bestellnummer, die Ansprechperson, die E-Mail-Adresse und die Telefonnummer. Ihre Reparaturen senden Sie bitte","protected":false},"author":1,"featured_media":0,"parent":0,"menu_order":0,"comment_status":"closed","ping_status":"closed","template":"","meta":{"_acf_changed":false,"footnotes":""},"class_list":["post-4004","page","type-page","status-publish","hentry"],"acf":[],"yoast_head":"<!-- This site is optimized with the Yoast SEO plugin v26.8 - https:\/\/yoast.com\/product\/yoast-seo-wordpress\/ -->\n<title>Kontakt Service - MIKSCH - accelerates<\/title>\n<meta name=\"description\" content=\"MIKSCH GmbH Service: Kontaktseite f\u00fcr Ihre Serviceanfrage - Technischer Support und Hilfe bei Fragen rund um Reparaturen und Ersatzteile.\" \/>\n<meta name=\"robots\" content=\"index, follow, max-snippet:-1, max-image-preview:large, max-video-preview:-1\" \/>\n<link rel=\"canonical\" href=\"https:\/\/miksch.soaking.com.br\/en\/miksch-gmbh-service-technischer-support-und-hilfe\/\" \/>\n<meta property=\"og:locale\" content=\"en_US\" \/>\n<meta property=\"og:type\" content=\"article\" \/>\n<meta property=\"og:title\" content=\"Kontakt Service - MIKSCH - accelerates\" \/>\n<meta property=\"og:description\" content=\"MIKSCH GmbH Service: Kontaktseite f\u00fcr Ihre Serviceanfrage - Technischer Support und Hilfe bei Fragen rund um Reparaturen und Ersatzteile.\" \/>\n<meta property=\"og:url\" content=\"https:\/\/miksch.soaking.com.br\/en\/miksch-gmbh-service-technischer-support-und-hilfe\/\" \/>\n<meta property=\"og:site_name\" content=\"MIKSCH - accelerates\" \/>\n<meta property=\"article:publisher\" content=\"https:\/\/www.facebook.com\/people\/Miksch-GmbH\/100066497170541\/\" \/>\n<meta property=\"article:modified_time\" content=\"2025-04-16T08:46:54+00:00\" \/>\n<meta name=\"twitter:card\" content=\"summary_large_image\" \/>\n<meta name=\"twitter:label1\" content=\"Est. reading time\" \/>\n\t<meta name=\"twitter:data1\" content=\"1 minute\" \/>\n<script type=\"application\/ld+json\" class=\"yoast-schema-graph\">{\"@context\":\"https:\/\/schema.org\",\"@graph\":[{\"@type\":\"WebPage\",\"@id\":\"https:\/\/miksch.soaking.com.br\/miksch-gmbh-service-technischer-support-und-hilfe\/\",\"url\":\"https:\/\/miksch.soaking.com.br\/miksch-gmbh-service-technischer-support-und-hilfe\/\",\"name\":\"Kontakt Service - MIKSCH - accelerates\",\"isPartOf\":{\"@id\":\"https:\/\/miksch.soaking.com.br\/#website\"},\"datePublished\":\"2024-12-14T15:25:40+00:00\",\"dateModified\":\"2025-04-16T08:46:54+00:00\",\"description\":\"MIKSCH GmbH Service: Kontaktseite f\u00fcr Ihre Serviceanfrage - Technischer Support und Hilfe bei Fragen rund um Reparaturen und Ersatzteile.\",\"breadcrumb\":{\"@id\":\"https:\/\/miksch.soaking.com.br\/miksch-gmbh-service-technischer-support-und-hilfe\/#breadcrumb\"},\"inLanguage\":\"en-US\",\"potentialAction\":[{\"@type\":\"ReadAction\",\"target\":[\"https:\/\/miksch.soaking.com.br\/miksch-gmbh-service-technischer-support-und-hilfe\/\"]}]},{\"@type\":\"BreadcrumbList\",\"@id\":\"https:\/\/miksch.soaking.com.br\/miksch-gmbh-service-technischer-support-und-hilfe\/#breadcrumb\",\"itemListElement\":[{\"@type\":\"ListItem\",\"position\":1,\"name\":\"Home\",\"item\":\"https:\/\/miksch.soaking.com.br\/\"},{\"@type\":\"ListItem\",\"position\":2,\"name\":\"Kontakt Service\"}]},{\"@type\":\"WebSite\",\"@id\":\"https:\/\/miksch.soaking.com.br\/#website\",\"url\":\"https:\/\/miksch.soaking.com.br\/\",\"name\":\"MIKSCH GmbH\",\"description\":\"\",\"publisher\":{\"@id\":\"https:\/\/miksch.soaking.com.br\/#organization\"},\"potentialAction\":[{\"@type\":\"SearchAction\",\"target\":{\"@type\":\"EntryPoint\",\"urlTemplate\":\"https:\/\/miksch.soaking.com.br\/?s={search_term_string}\"},\"query-input\":{\"@type\":\"PropertyValueSpecification\",\"valueRequired\":true,\"valueName\":\"search_term_string\"}}],\"inLanguage\":\"en-US\"},{\"@type\":\"Organization\",\"@id\":\"https:\/\/miksch.soaking.com.br\/#organization\",\"name\":\"MIKSCH GmbH\",\"url\":\"https:\/\/miksch.soaking.com.br\/\",\"logo\":{\"@type\":\"ImageObject\",\"inLanguage\":\"en-US\",\"@id\":\"https:\/\/miksch.soaking.com.br\/#\/schema\/logo\/image\/\",\"url\":\"https:\/\/miksch.soaking.com.br\/wp-content\/uploads\/2024\/11\/gcOnlineDirectory-5-2.png\",\"contentUrl\":\"https:\/\/miksch.soaking.com.br\/wp-content\/uploads\/2024\/11\/gcOnlineDirectory-5-2.png\",\"width\":227,\"height\":48,\"caption\":\"MIKSCH GmbH\"},\"image\":{\"@id\":\"https:\/\/miksch.soaking.com.br\/#\/schema\/logo\/image\/\"},\"sameAs\":[\"https:\/\/www.facebook.com\/people\/Miksch-GmbH\/100066497170541\/\",\"https:\/\/au.linkedin.com\/company\/miksch-gmbh\"]}]}<\/script>\n<!-- \/ Yoast SEO plugin. -->","yoast_head_json":{"title":"Kontakt Service - MIKSCH - accelerates","description":"MIKSCH GmbH Service: Kontaktseite f\u00fcr Ihre Serviceanfrage - Technischer Support und Hilfe bei Fragen rund um Reparaturen und Ersatzteile.","robots":{"index":"index","follow":"follow","max-snippet":"max-snippet:-1","max-image-preview":"max-image-preview:large","max-video-preview":"max-video-preview:-1"},"canonical":"https:\/\/miksch.soaking.com.br\/en\/miksch-gmbh-service-technischer-support-und-hilfe\/","og_locale":"en_US","og_type":"article","og_title":"Kontakt Service - MIKSCH - accelerates","og_description":"MIKSCH GmbH Service: Kontaktseite f\u00fcr Ihre Serviceanfrage - Technischer Support und Hilfe bei Fragen rund um Reparaturen und Ersatzteile.","og_url":"https:\/\/miksch.soaking.com.br\/en\/miksch-gmbh-service-technischer-support-und-hilfe\/","og_site_name":"MIKSCH - accelerates","article_publisher":"https:\/\/www.facebook.com\/people\/Miksch-GmbH\/100066497170541\/","article_modified_time":"2025-04-16T08:46:54+00:00","twitter_card":"summary_large_image","twitter_misc":{"Est. reading time":"1 minute"},"schema":{"@context":"https:\/\/schema.org","@graph":[{"@type":"WebPage","@id":"https:\/\/miksch.soaking.com.br\/miksch-gmbh-service-technischer-support-und-hilfe\/","url":"https:\/\/miksch.soaking.com.br\/miksch-gmbh-service-technischer-support-und-hilfe\/","name":"Kontakt Service - MIKSCH - accelerates","isPartOf":{"@id":"https:\/\/miksch.soaking.com.br\/#website"},"datePublished":"2024-12-14T15:25:40+00:00","dateModified":"2025-04-16T08:46:54+00:00","description":"MIKSCH GmbH Service: Kontaktseite f\u00fcr Ihre Serviceanfrage - Technischer Support und Hilfe bei Fragen rund um Reparaturen und Ersatzteile.","breadcrumb":{"@id":"https:\/\/miksch.soaking.com.br\/miksch-gmbh-service-technischer-support-und-hilfe\/#breadcrumb"},"inLanguage":"en-US","potentialAction":[{"@type":"ReadAction","target":["https:\/\/miksch.soaking.com.br\/miksch-gmbh-service-technischer-support-und-hilfe\/"]}]},{"@type":"BreadcrumbList","@id":"https:\/\/miksch.soaking.com.br\/miksch-gmbh-service-technischer-support-und-hilfe\/#breadcrumb","itemListElement":[{"@type":"ListItem","position":1,"name":"Home","item":"https:\/\/miksch.soaking.com.br\/"},{"@type":"ListItem","position":2,"name":"Kontakt Service"}]},{"@type":"WebSite","@id":"https:\/\/miksch.soaking.com.br\/#website","url":"https:\/\/miksch.soaking.com.br\/","name":"MIKSCH GmbH","description":"","publisher":{"@id":"https:\/\/miksch.soaking.com.br\/#organization"},"potentialAction":[{"@type":"SearchAction","target":{"@type":"EntryPoint","urlTemplate":"https:\/\/miksch.soaking.com.br\/?s={search_term_string}"},"query-input":{"@type":"PropertyValueSpecification","valueRequired":true,"valueName":"search_term_string"}}],"inLanguage":"en-US"},{"@type":"Organization","@id":"https:\/\/miksch.soaking.com.br\/#organization","name":"MIKSCH GmbH","url":"https:\/\/miksch.soaking.com.br\/","logo":{"@type":"ImageObject","inLanguage":"en-US","@id":"https:\/\/miksch.soaking.com.br\/#\/schema\/logo\/image\/","url":"https:\/\/miksch.soaking.com.br\/wp-content\/uploads\/2024\/11\/gcOnlineDirectory-5-2.png","contentUrl":"https:\/\/miksch.soaking.com.br\/wp-content\/uploads\/2024\/11\/gcOnlineDirectory-5-2.png","width":227,"height":48,"caption":"MIKSCH GmbH"},"image":{"@id":"https:\/\/miksch.soaking.com.br\/#\/schema\/logo\/image\/"},"sameAs":["https:\/\/www.facebook.com\/people\/Miksch-GmbH\/100066497170541\/","https:\/\/au.linkedin.com\/company\/miksch-gmbh"]}]}},"_links":{"self":[{"href":"https:\/\/miksch.soaking.com.br\/en\/wp-json\/wp\/v2\/pages\/4004","targetHints":{"allow":["GET"]}}],"collection":[{"href":"https:\/\/miksch.soaking.com.br\/en\/wp-json\/wp\/v2\/pages"}],"about":[{"href":"https:\/\/miksch.soaking.com.br\/en\/wp-json\/wp\/v2\/types\/page"}],"author":[{"embeddable":true,"href":"https:\/\/miksch.soaking.com.br\/en\/wp-json\/wp\/v2\/users\/1"}],"replies":[{"embeddable":true,"href":"https:\/\/miksch.soaking.com.br\/en\/wp-json\/wp\/v2\/comments?post=4004"}],"version-history":[{"count":10,"href":"https:\/\/miksch.soaking.com.br\/en\/wp-json\/wp\/v2\/pages\/4004\/revisions"}],"predecessor-version":[{"id":4222,"href":"https:\/\/miksch.soaking.com.br\/en\/wp-json\/wp\/v2\/pages\/4004\/revisions\/4222"}],"wp:attachment":[{"href":"https:\/\/miksch.soaking.com.br\/en\/wp-json\/wp\/v2\/media?parent=4004"}],"curies":[{"name":"wp","href":"https:\/\/api.w.org\/{rel}","templated":true}]}}